{"id":1495,"date":"2023-01-24T08:25:57","date_gmt":"2023-01-24T08:25:57","guid":{"rendered":"https:\/\/demo.terviselahendus.ee\/?page_id=1495"},"modified":"2025-02-21T15:21:28","modified_gmt":"2025-02-21T13:21:28","slug":"critical-illnesses","status":"publish","type":"page","link":"https:\/\/terviselahendus.ee\/en\/health-insurance\/critical-illnesses\/","title":{"rendered":"Critical illnesses"},"content":{"rendered":"<p>We pay a one-time insurance benefit and reimburse the cost of treating a critical illness.<\/p>\n","protected":false},"excerpt":{"rendered":"We pay a one-time insurance benefit and reimburse the cost [&hellip;]","protected":false},"author":1,"featured_media":1954,"parent":334,"menu_order":0,"comment_status":"closed","ping_status":"closed","template":"page-templates\/template-services.php","meta":{"_acf_changed":false,"inline_featured_image":false,"_monsterinsights_skip_tracking":false,"_monsterinsights_sitenote_active":false,"_monsterinsights_sitenote_note":"","_monsterinsights_sitenote_category":0,"_uf_show_specific_survey":0,"_uf_disable_surveys":false,"footnotes":""},"class_list":["post-1495","page","type-page","status-publish","has-post-thumbnail","hentry"],"acf":[],"yoast_head":"<!-- This site is optimized with the Yoast SEO plugin v27.3 - https:\/\/yoast.com\/product\/yoast-seo-wordpress\/ -->\n<title>Critical illnesses - Confido Terviselahendus<\/title>\n<meta name=\"robots\" content=\"index, follow, max-snippet:-1, max-image-preview:large, max-video-preview:-1\" \/>\n<link rel=\"canonical\" href=\"https:\/\/terviselahendus.ee\/teenused\/kriitilised-haigused\/\" \/>\n<meta property=\"og:locale\" content=\"en_US\" \/>\n<meta property=\"og:type\" content=\"article\" \/>\n<meta property=\"og:title\" content=\"Critical illnesses - Confido Terviselahendus\" \/>\n<meta property=\"og:description\" content=\"We pay a one-time insurance benefit and reimburse the cost [&hellip;]\" \/>\n<meta property=\"og:url\" content=\"https:\/\/terviselahendus.ee\/teenused\/kriitilised-haigused\/\" \/>\n<meta property=\"og:site_name\" content=\"Confido Terviselahendus\" \/>\n<meta property=\"article:modified_time\" content=\"2025-02-21T13:21:28+00:00\" \/>\n<meta property=\"og:image\" content=\"https:\/\/terviselahendus.ee\/wp-content\/uploads\/2023\/03\/Kriitilised.-Tervisekindlustus-tooandja-tervisekindlustus-ergo-tervisekindlustus-vabatahtlik-tervisekindlustus-if-tervisekindlustus-tooandja-ravikindlustus-terviselahendus.jpg\" \/>\n\t<meta property=\"og:image:width\" content=\"798\" \/>\n\t<meta property=\"og:image:height\" content=\"364\" \/>\n\t<meta property=\"og:image:type\" content=\"image\/jpeg\" \/>\n<meta name=\"twitter:card\" content=\"summary_large_image\" \/>\n<script type=\"application\/ld+json\" class=\"yoast-schema-graph\">{\"@context\":\"https:\\\/\\\/schema.org\",\"@graph\":[{\"@type\":\"WebPage\",\"@id\":\"https:\\\/\\\/terviselahendus.ee\\\/teenused\\\/kriitilised-haigused\\\/\",\"url\":\"https:\\\/\\\/terviselahendus.ee\\\/teenused\\\/kriitilised-haigused\\\/\",\"name\":\"Critical illnesses - Confido Terviselahendus\",\"isPartOf\":{\"@id\":\"https:\\\/\\\/terviselahendus.ee\\\/#website\"},\"primaryImageOfPage\":{\"@id\":\"https:\\\/\\\/terviselahendus.ee\\\/teenused\\\/kriitilised-haigused\\\/#primaryimage\"},\"image\":{\"@id\":\"https:\\\/\\\/terviselahendus.ee\\\/teenused\\\/kriitilised-haigused\\\/#primaryimage\"},\"thumbnailUrl\":\"https:\\\/\\\/terviselahendus.ee\\\/wp-content\\\/uploads\\\/2023\\\/03\\\/Kriitilised.-Tervisekindlustus-tooandja-tervisekindlustus-ergo-tervisekindlustus-vabatahtlik-tervisekindlustus-if-tervisekindlustus-tooandja-ravikindlustus-terviselahendus.jpg\",\"datePublished\":\"2023-01-24T08:25:57+00:00\",\"dateModified\":\"2025-02-21T13:21:28+00:00\",\"breadcrumb\":{\"@id\":\"https:\\\/\\\/terviselahendus.ee\\\/teenused\\\/kriitilised-haigused\\\/#breadcrumb\"},\"inLanguage\":\"en-US\",\"potentialAction\":[{\"@type\":\"ReadAction\",\"target\":[\"https:\\\/\\\/terviselahendus.ee\\\/teenused\\\/kriitilised-haigused\\\/\"]}]},{\"@type\":\"ImageObject\",\"inLanguage\":\"en-US\",\"@id\":\"https:\\\/\\\/terviselahendus.ee\\\/teenused\\\/kriitilised-haigused\\\/#primaryimage\",\"url\":\"https:\\\/\\\/terviselahendus.ee\\\/wp-content\\\/uploads\\\/2023\\\/03\\\/Kriitilised.-Tervisekindlustus-tooandja-tervisekindlustus-ergo-tervisekindlustus-vabatahtlik-tervisekindlustus-if-tervisekindlustus-tooandja-ravikindlustus-terviselahendus.jpg\",\"contentUrl\":\"https:\\\/\\\/terviselahendus.ee\\\/wp-content\\\/uploads\\\/2023\\\/03\\\/Kriitilised.-Tervisekindlustus-tooandja-tervisekindlustus-ergo-tervisekindlustus-vabatahtlik-tervisekindlustus-if-tervisekindlustus-tooandja-ravikindlustus-terviselahendus.jpg\",\"width\":798,\"height\":364,\"caption\":\"Tervisekindlustus, t\u00f6\u00f6andja tervisekindlustus, ergo tervisekindlustus, vabatahtlik tervisekindlustus, if tervisekindlustus, t\u00f6\u00f6andja ravikindlustus, terviselahendus, seesam tervisekindlustus, tervisekindlustus v\u00e4lismaalasele, tervise kindlustus, iizi tervisekindlustus, era tervisekindlustus, vabatahtlik kindlustus, t\u00f6\u00f6taja kindlustus, salva tervisekindlustus, Confido terviselahendus, t\u00f6\u00f6taja motiveerimine, t\u00f6\u00f6taja motivatsioon, lisah\u00fcved, hea t\u00f6\u00f6, ettev\u00f5tte boonus, health insurance, employer health insurance, ergo health insurance, voluntary health insurance, if health insurance, employer health insurance, health plan, health solution, sesame health insurance, health insurance for foreigners, iizi health insurance, private health insurance, voluntary insurance, employee insurance, salva health insurance, Confido health plan, private health insurance in Estonia, Estonian private health insurance\"},{\"@type\":\"BreadcrumbList\",\"@id\":\"https:\\\/\\\/terviselahendus.ee\\\/teenused\\\/kriitilised-haigused\\\/#breadcrumb\",\"itemListElement\":[{\"@type\":\"ListItem\",\"position\":1,\"name\":\"Home\",\"item\":\"https:\\\/\\\/terviselahendus.ee\\\/en\\\/\"},{\"@type\":\"ListItem\",\"position\":2,\"name\":\"Services\",\"item\":\"https:\\\/\\\/terviselahendus.ee\\\/en\\\/health-insurance\\\/\"},{\"@type\":\"ListItem\",\"position\":3,\"name\":\"Critical illnesses\"}]},{\"@type\":\"WebSite\",\"@id\":\"https:\\\/\\\/terviselahendus.ee\\\/#website\",\"url\":\"https:\\\/\\\/terviselahendus.ee\\\/\",\"name\":\"Confido Terviselahendus\",\"description\":\"Sinu ettev\u00f5tte tervisepartner\",\"publisher\":{\"@id\":\"https:\\\/\\\/terviselahendus.ee\\\/#organization\"},\"potentialAction\":[{\"@type\":\"SearchAction\",\"target\":{\"@type\":\"EntryPoint\",\"urlTemplate\":\"https:\\\/\\\/terviselahendus.ee\\\/?s={search_term_string}\"},\"query-input\":{\"@type\":\"PropertyValueSpecification\",\"valueRequired\":true,\"valueName\":\"search_term_string\"}}],\"inLanguage\":\"en-US\"},{\"@type\":\"Organization\",\"@id\":\"https:\\\/\\\/terviselahendus.ee\\\/#organization\",\"name\":\"Confido Terviselahendus\",\"url\":\"https:\\\/\\\/terviselahendus.ee\\\/\",\"logo\":{\"@type\":\"ImageObject\",\"inLanguage\":\"en-US\",\"@id\":\"https:\\\/\\\/terviselahendus.ee\\\/#\\\/schema\\\/logo\\\/image\\\/\",\"url\":\"https:\\\/\\\/terviselahendus.ee\\\/wp-content\\\/uploads\\\/2025\\\/03\\\/Confido_logo2022_Terviselahendus_hor_white_RGB.png\",\"contentUrl\":\"https:\\\/\\\/terviselahendus.ee\\\/wp-content\\\/uploads\\\/2025\\\/03\\\/Confido_logo2022_Terviselahendus_hor_white_RGB.png\",\"width\":2269,\"height\":851,\"caption\":\"Confido Terviselahendus\"},\"image\":{\"@id\":\"https:\\\/\\\/terviselahendus.ee\\\/#\\\/schema\\\/logo\\\/image\\\/\"}}]}<\/script>\n<!-- \/ Yoast SEO plugin. -->","yoast_head_json":{"title":"Critical illnesses - Confido Terviselahendus","robots":{"index":"index","follow":"follow","max-snippet":"max-snippet:-1","max-image-preview":"max-image-preview:large","max-video-preview":"max-video-preview:-1"},"canonical":"https:\/\/terviselahendus.ee\/teenused\/kriitilised-haigused\/","og_locale":"en_US","og_type":"article","og_title":"Critical illnesses - Confido Terviselahendus","og_description":"We pay a one-time insurance benefit and reimburse the cost [&hellip;]","og_url":"https:\/\/terviselahendus.ee\/teenused\/kriitilised-haigused\/","og_site_name":"Confido Terviselahendus","article_modified_time":"2025-02-21T13:21:28+00:00","og_image":[{"width":798,"height":364,"url":"https:\/\/terviselahendus.ee\/wp-content\/uploads\/2023\/03\/Kriitilised.-Tervisekindlustus-tooandja-tervisekindlustus-ergo-tervisekindlustus-vabatahtlik-tervisekindlustus-if-tervisekindlustus-tooandja-ravikindlustus-terviselahendus.jpg","type":"image\/jpeg"}],"twitter_card":"summary_large_image","schema":{"@context":"https:\/\/schema.org","@graph":[{"@type":"WebPage","@id":"https:\/\/terviselahendus.ee\/teenused\/kriitilised-haigused\/","url":"https:\/\/terviselahendus.ee\/teenused\/kriitilised-haigused\/","name":"Critical illnesses - Confido Terviselahendus","isPartOf":{"@id":"https:\/\/terviselahendus.ee\/#website"},"primaryImageOfPage":{"@id":"https:\/\/terviselahendus.ee\/teenused\/kriitilised-haigused\/#primaryimage"},"image":{"@id":"https:\/\/terviselahendus.ee\/teenused\/kriitilised-haigused\/#primaryimage"},"thumbnailUrl":"https:\/\/terviselahendus.ee\/wp-content\/uploads\/2023\/03\/Kriitilised.-Tervisekindlustus-tooandja-tervisekindlustus-ergo-tervisekindlustus-vabatahtlik-tervisekindlustus-if-tervisekindlustus-tooandja-ravikindlustus-terviselahendus.jpg","datePublished":"2023-01-24T08:25:57+00:00","dateModified":"2025-02-21T13:21:28+00:00","breadcrumb":{"@id":"https:\/\/terviselahendus.ee\/teenused\/kriitilised-haigused\/#breadcrumb"},"inLanguage":"en-US","potentialAction":[{"@type":"ReadAction","target":["https:\/\/terviselahendus.ee\/teenused\/kriitilised-haigused\/"]}]},{"@type":"ImageObject","inLanguage":"en-US","@id":"https:\/\/terviselahendus.ee\/teenused\/kriitilised-haigused\/#primaryimage","url":"https:\/\/terviselahendus.ee\/wp-content\/uploads\/2023\/03\/Kriitilised.-Tervisekindlustus-tooandja-tervisekindlustus-ergo-tervisekindlustus-vabatahtlik-tervisekindlustus-if-tervisekindlustus-tooandja-ravikindlustus-terviselahendus.jpg","contentUrl":"https:\/\/terviselahendus.ee\/wp-content\/uploads\/2023\/03\/Kriitilised.-Tervisekindlustus-tooandja-tervisekindlustus-ergo-tervisekindlustus-vabatahtlik-tervisekindlustus-if-tervisekindlustus-tooandja-ravikindlustus-terviselahendus.jpg","width":798,"height":364,"caption":"Tervisekindlustus, t\u00f6\u00f6andja tervisekindlustus, ergo tervisekindlustus, vabatahtlik tervisekindlustus, if tervisekindlustus, t\u00f6\u00f6andja ravikindlustus, terviselahendus, seesam tervisekindlustus, tervisekindlustus v\u00e4lismaalasele, tervise kindlustus, iizi tervisekindlustus, era tervisekindlustus, vabatahtlik kindlustus, t\u00f6\u00f6taja kindlustus, salva tervisekindlustus, Confido terviselahendus, t\u00f6\u00f6taja motiveerimine, t\u00f6\u00f6taja motivatsioon, lisah\u00fcved, hea t\u00f6\u00f6, ettev\u00f5tte boonus, health insurance, employer health insurance, ergo health insurance, voluntary health insurance, if health insurance, employer health insurance, health plan, health solution, sesame health insurance, health insurance for foreigners, iizi health insurance, private health insurance, voluntary insurance, employee insurance, salva health insurance, Confido health plan, private health insurance in Estonia, Estonian private health insurance"},{"@type":"BreadcrumbList","@id":"https:\/\/terviselahendus.ee\/teenused\/kriitilised-haigused\/#breadcrumb","itemListElement":[{"@type":"ListItem","position":1,"name":"Home","item":"https:\/\/terviselahendus.ee\/en\/"},{"@type":"ListItem","position":2,"name":"Services","item":"https:\/\/terviselahendus.ee\/en\/health-insurance\/"},{"@type":"ListItem","position":3,"name":"Critical illnesses"}]},{"@type":"WebSite","@id":"https:\/\/terviselahendus.ee\/#website","url":"https:\/\/terviselahendus.ee\/","name":"Confido Terviselahendus","description":"Sinu ettev\u00f5tte tervisepartner","publisher":{"@id":"https:\/\/terviselahendus.ee\/#organization"},"potentialAction":[{"@type":"SearchAction","target":{"@type":"EntryPoint","urlTemplate":"https:\/\/terviselahendus.ee\/?s={search_term_string}"},"query-input":{"@type":"PropertyValueSpecification","valueRequired":true,"valueName":"search_term_string"}}],"inLanguage":"en-US"},{"@type":"Organization","@id":"https:\/\/terviselahendus.ee\/#organization","name":"Confido Terviselahendus","url":"https:\/\/terviselahendus.ee\/","logo":{"@type":"ImageObject","inLanguage":"en-US","@id":"https:\/\/terviselahendus.ee\/#\/schema\/logo\/image\/","url":"https:\/\/terviselahendus.ee\/wp-content\/uploads\/2025\/03\/Confido_logo2022_Terviselahendus_hor_white_RGB.png","contentUrl":"https:\/\/terviselahendus.ee\/wp-content\/uploads\/2025\/03\/Confido_logo2022_Terviselahendus_hor_white_RGB.png","width":2269,"height":851,"caption":"Confido Terviselahendus"},"image":{"@id":"https:\/\/terviselahendus.ee\/#\/schema\/logo\/image\/"}}]}},"_links":{"self":[{"href":"https:\/\/terviselahendus.ee\/en\/wp-json\/wp\/v2\/pages\/1495","targetHints":{"allow":["GET"]}}],"collection":[{"href":"https:\/\/terviselahendus.ee\/en\/wp-json\/wp\/v2\/pages"}],"about":[{"href":"https:\/\/terviselahendus.ee\/en\/wp-json\/wp\/v2\/types\/page"}],"author":[{"embeddable":true,"href":"https:\/\/terviselahendus.ee\/en\/wp-json\/wp\/v2\/users\/1"}],"replies":[{"embeddable":true,"href":"https:\/\/terviselahendus.ee\/en\/wp-json\/wp\/v2\/comments?post=1495"}],"version-history":[{"count":8,"href":"https:\/\/terviselahendus.ee\/en\/wp-json\/wp\/v2\/pages\/1495\/revisions"}],"predecessor-version":[{"id":4548,"href":"https:\/\/terviselahendus.ee\/en\/wp-json\/wp\/v2\/pages\/1495\/revisions\/4548"}],"up":[{"embeddable":true,"href":"https:\/\/terviselahendus.ee\/en\/wp-json\/wp\/v2\/pages\/334"}],"wp:featuredmedia":[{"embeddable":true,"href":"https:\/\/terviselahendus.ee\/en\/wp-json\/wp\/v2\/media\/1954"}],"wp:attachment":[{"href":"https:\/\/terviselahendus.ee\/en\/wp-json\/wp\/v2\/media?parent=1495"}],"curies":[{"name":"wp","href":"https:\/\/api.w.org\/{rel}","templated":true}]}}