{"id":334,"date":"2022-03-30T17:34:13","date_gmt":"2022-03-30T17:34:13","guid":{"rendered":"https:\/\/demo.terviselahendus.ee\/?page_id=334"},"modified":"2025-08-05T09:28:41","modified_gmt":"2025-08-05T07:28:41","slug":"health-insurance","status":"publish","type":"page","link":"https:\/\/terviselahendus.ee\/en\/health-insurance\/","title":{"rendered":"Services"},"content":{"rendered":"<p>We know that the greatest asset of any company is its employees, that&#8217;s why we have set a goal to contribute to what is most important to employees &#8211; their health. We want to offer the best medical care, quick solutions, and humane and caring service, being a health partner for you, the company, and the employees. The Confido Health Plan team will help you put together the most suitable insurance package for your company, based on the services below.<\/p>\n","protected":false},"excerpt":{"rendered":"We know that the greatest asset of any company is [&hellip;]","protected":false},"author":1,"featured_media":4396,"parent":0,"menu_order":3,"comment_status":"closed","ping_status":"closed","template":"page-templates\/template-services.php","meta":{"_acf_changed":false,"inline_featured_image":false,"_monsterinsights_skip_tracking":false,"_monsterinsights_sitenote_active":false,"_monsterinsights_sitenote_note":"","_monsterinsights_sitenote_category":0,"_uf_show_specific_survey":0,"_uf_disable_surveys":false,"footnotes":""},"class_list":["post-334","page","type-page","status-publish","has-post-thumbnail","hentry"],"acf":[],"yoast_head":"<!-- This site is optimized with the Yoast SEO plugin v27.3 - https:\/\/yoast.com\/product\/yoast-seo-wordpress\/ -->\n<title>Services - Confido Terviselahendus<\/title>\n<meta name=\"description\" content=\"Confido Health insurance is an employee health insurance service for companies who value their employees. Health insurance or paid health..\" \/>\n<meta name=\"robots\" content=\"index, follow, max-snippet:-1, max-image-preview:large, max-video-preview:-1\" \/>\n<link rel=\"canonical\" href=\"https:\/\/terviselahendus.ee\/en\/health-insurance\/\" \/>\n<meta property=\"og:locale\" content=\"en_US\" \/>\n<meta property=\"og:type\" content=\"article\" \/>\n<meta property=\"og:title\" content=\"Services - Confido Terviselahendus\" \/>\n<meta property=\"og:description\" content=\"Confido Health insurance is an employee health insurance service for companies who value their employees. Health insurance or paid health..\" \/>\n<meta property=\"og:url\" content=\"https:\/\/terviselahendus.ee\/en\/health-insurance\/\" \/>\n<meta property=\"og:site_name\" content=\"Confido Terviselahendus\" \/>\n<meta property=\"article:modified_time\" content=\"2025-08-05T07:28:41+00:00\" \/>\n<meta property=\"og:image\" content=\"https:\/\/terviselahendus.ee\/wp-content\/uploads\/2025\/02\/arsti-vastuvott_kopsupilt_mart-veerus_kuldar_017-700x525.png\" \/>\n\t<meta property=\"og:image:width\" content=\"700\" \/>\n\t<meta property=\"og:image:height\" content=\"525\" \/>\n\t<meta property=\"og:image:type\" content=\"image\/png\" \/>\n<meta name=\"twitter:card\" content=\"summary_large_image\" \/>\n<meta name=\"twitter:label1\" content=\"Est. reading time\" \/>\n\t<meta name=\"twitter:data1\" content=\"1 minute\" \/>\n<script type=\"application\/ld+json\" class=\"yoast-schema-graph\">{\"@context\":\"https:\\\/\\\/schema.org\",\"@graph\":[{\"@type\":\"WebPage\",\"@id\":\"https:\\\/\\\/terviselahendus.ee\\\/en\\\/health-insurance\\\/\",\"url\":\"https:\\\/\\\/terviselahendus.ee\\\/en\\\/health-insurance\\\/\",\"name\":\"Services - Confido Terviselahendus\",\"isPartOf\":{\"@id\":\"https:\\\/\\\/terviselahendus.ee\\\/#website\"},\"primaryImageOfPage\":{\"@id\":\"https:\\\/\\\/terviselahendus.ee\\\/en\\\/health-insurance\\\/#primaryimage\"},\"image\":{\"@id\":\"https:\\\/\\\/terviselahendus.ee\\\/en\\\/health-insurance\\\/#primaryimage\"},\"thumbnailUrl\":\"https:\\\/\\\/terviselahendus.ee\\\/wp-content\\\/uploads\\\/2025\\\/02\\\/arsti-vastuvott_kopsupilt_mart-veerus_kuldar_017-e1739878242563.png\",\"datePublished\":\"2022-03-30T17:34:13+00:00\",\"dateModified\":\"2025-08-05T07:28:41+00:00\",\"description\":\"Confido Health insurance is an employee health insurance service for companies who value their employees. Health insurance or paid health..\",\"breadcrumb\":{\"@id\":\"https:\\\/\\\/terviselahendus.ee\\\/en\\\/health-insurance\\\/#breadcrumb\"},\"inLanguage\":\"en-US\",\"potentialAction\":[{\"@type\":\"ReadAction\",\"target\":[\"https:\\\/\\\/terviselahendus.ee\\\/en\\\/health-insurance\\\/\"]}]},{\"@type\":\"ImageObject\",\"inLanguage\":\"en-US\",\"@id\":\"https:\\\/\\\/terviselahendus.ee\\\/en\\\/health-insurance\\\/#primaryimage\",\"url\":\"https:\\\/\\\/terviselahendus.ee\\\/wp-content\\\/uploads\\\/2025\\\/02\\\/arsti-vastuvott_kopsupilt_mart-veerus_kuldar_017-e1739878242563.png\",\"contentUrl\":\"https:\\\/\\\/terviselahendus.ee\\\/wp-content\\\/uploads\\\/2025\\\/02\\\/arsti-vastuvott_kopsupilt_mart-veerus_kuldar_017-e1739878242563.png\",\"width\":3250,\"height\":2438,\"caption\":\"Tervisekindlustus, t\u00f6\u00f6andja tervisekindlustus, ergo tervisekindlustus, vabatahtlik tervisekindlustus, if tervisekindlustus, t\u00f6\u00f6andja ravikindlustus, terviselahendus, seesam tervisekindlustus, tervisekindlustus v\u00e4lismaalasele, tervise kindlustus, iizi tervisekindlustus, era tervisekindlustus, vabatahtlik kindlustus, t\u00f6\u00f6taja kindlustus, salva tervisekindlustus, Confido terviselahendus, t\u00f6\u00f6taja motiveerimine, t\u00f6\u00f6taja motivatsioon, lisah\u00fcved, hea t\u00f6\u00f6, ettev\u00f5tte boonus, health insurance, employer health insurance, ergo health insurance, voluntary health insurance, if health insurance, employer health insurance, health plan, health solution, sesame health insurance, health insurance for foreigners, iizi health insurance, private health insurance, voluntary insurance, employee insurance, salva health insurance, Confido health plan, private health insurance in Estonia, Estonian private health insurance\"},{\"@type\":\"BreadcrumbList\",\"@id\":\"https:\\\/\\\/terviselahendus.ee\\\/en\\\/health-insurance\\\/#breadcrumb\",\"itemListElement\":[{\"@type\":\"ListItem\",\"position\":1,\"name\":\"Home\",\"item\":\"https:\\\/\\\/terviselahendus.ee\\\/en\\\/\"},{\"@type\":\"ListItem\",\"position\":2,\"name\":\"Services\"}]},{\"@type\":\"WebSite\",\"@id\":\"https:\\\/\\\/terviselahendus.ee\\\/#website\",\"url\":\"https:\\\/\\\/terviselahendus.ee\\\/\",\"name\":\"Confido Terviselahendus\",\"description\":\"Sinu ettev\u00f5tte tervisepartner\",\"publisher\":{\"@id\":\"https:\\\/\\\/terviselahendus.ee\\\/#organization\"},\"potentialAction\":[{\"@type\":\"SearchAction\",\"target\":{\"@type\":\"EntryPoint\",\"urlTemplate\":\"https:\\\/\\\/terviselahendus.ee\\\/?s={search_term_string}\"},\"query-input\":{\"@type\":\"PropertyValueSpecification\",\"valueRequired\":true,\"valueName\":\"search_term_string\"}}],\"inLanguage\":\"en-US\"},{\"@type\":\"Organization\",\"@id\":\"https:\\\/\\\/terviselahendus.ee\\\/#organization\",\"name\":\"Confido Terviselahendus\",\"url\":\"https:\\\/\\\/terviselahendus.ee\\\/\",\"logo\":{\"@type\":\"ImageObject\",\"inLanguage\":\"en-US\",\"@id\":\"https:\\\/\\\/terviselahendus.ee\\\/#\\\/schema\\\/logo\\\/image\\\/\",\"url\":\"https:\\\/\\\/terviselahendus.ee\\\/wp-content\\\/uploads\\\/2025\\\/03\\\/Confido_logo2022_Terviselahendus_hor_white_RGB.png\",\"contentUrl\":\"https:\\\/\\\/terviselahendus.ee\\\/wp-content\\\/uploads\\\/2025\\\/03\\\/Confido_logo2022_Terviselahendus_hor_white_RGB.png\",\"width\":2269,\"height\":851,\"caption\":\"Confido Terviselahendus\"},\"image\":{\"@id\":\"https:\\\/\\\/terviselahendus.ee\\\/#\\\/schema\\\/logo\\\/image\\\/\"}}]}<\/script>\n<!-- \/ Yoast SEO plugin. -->","yoast_head_json":{"title":"Services - Confido Terviselahendus","description":"Confido Health insurance is an employee health insurance service for companies who value their employees. Health insurance or paid health..","robots":{"index":"index","follow":"follow","max-snippet":"max-snippet:-1","max-image-preview":"max-image-preview:large","max-video-preview":"max-video-preview:-1"},"canonical":"https:\/\/terviselahendus.ee\/en\/health-insurance\/","og_locale":"en_US","og_type":"article","og_title":"Services - Confido Terviselahendus","og_description":"Confido Health insurance is an employee health insurance service for companies who value their employees. Health insurance or paid health..","og_url":"https:\/\/terviselahendus.ee\/en\/health-insurance\/","og_site_name":"Confido Terviselahendus","article_modified_time":"2025-08-05T07:28:41+00:00","og_image":[{"width":700,"height":525,"url":"https:\/\/terviselahendus.ee\/wp-content\/uploads\/2025\/02\/arsti-vastuvott_kopsupilt_mart-veerus_kuldar_017-700x525.png","type":"image\/png"}],"twitter_card":"summary_large_image","twitter_misc":{"Est. reading time":"1 minute"},"schema":{"@context":"https:\/\/schema.org","@graph":[{"@type":"WebPage","@id":"https:\/\/terviselahendus.ee\/en\/health-insurance\/","url":"https:\/\/terviselahendus.ee\/en\/health-insurance\/","name":"Services - Confido Terviselahendus","isPartOf":{"@id":"https:\/\/terviselahendus.ee\/#website"},"primaryImageOfPage":{"@id":"https:\/\/terviselahendus.ee\/en\/health-insurance\/#primaryimage"},"image":{"@id":"https:\/\/terviselahendus.ee\/en\/health-insurance\/#primaryimage"},"thumbnailUrl":"https:\/\/terviselahendus.ee\/wp-content\/uploads\/2025\/02\/arsti-vastuvott_kopsupilt_mart-veerus_kuldar_017-e1739878242563.png","datePublished":"2022-03-30T17:34:13+00:00","dateModified":"2025-08-05T07:28:41+00:00","description":"Confido Health insurance is an employee health insurance service for companies who value their employees. Health insurance or paid health..","breadcrumb":{"@id":"https:\/\/terviselahendus.ee\/en\/health-insurance\/#breadcrumb"},"inLanguage":"en-US","potentialAction":[{"@type":"ReadAction","target":["https:\/\/terviselahendus.ee\/en\/health-insurance\/"]}]},{"@type":"ImageObject","inLanguage":"en-US","@id":"https:\/\/terviselahendus.ee\/en\/health-insurance\/#primaryimage","url":"https:\/\/terviselahendus.ee\/wp-content\/uploads\/2025\/02\/arsti-vastuvott_kopsupilt_mart-veerus_kuldar_017-e1739878242563.png","contentUrl":"https:\/\/terviselahendus.ee\/wp-content\/uploads\/2025\/02\/arsti-vastuvott_kopsupilt_mart-veerus_kuldar_017-e1739878242563.png","width":3250,"height":2438,"caption":"Tervisekindlustus, t\u00f6\u00f6andja tervisekindlustus, ergo tervisekindlustus, vabatahtlik tervisekindlustus, if tervisekindlustus, t\u00f6\u00f6andja ravikindlustus, terviselahendus, seesam tervisekindlustus, tervisekindlustus v\u00e4lismaalasele, tervise kindlustus, iizi tervisekindlustus, era tervisekindlustus, vabatahtlik kindlustus, t\u00f6\u00f6taja kindlustus, salva tervisekindlustus, Confido terviselahendus, t\u00f6\u00f6taja motiveerimine, t\u00f6\u00f6taja motivatsioon, lisah\u00fcved, hea t\u00f6\u00f6, ettev\u00f5tte boonus, health insurance, employer health insurance, ergo health insurance, voluntary health insurance, if health insurance, employer health insurance, health plan, health solution, sesame health insurance, health insurance for foreigners, iizi health insurance, private health insurance, voluntary insurance, employee insurance, salva health insurance, Confido health plan, private health insurance in Estonia, Estonian private health insurance"},{"@type":"BreadcrumbList","@id":"https:\/\/terviselahendus.ee\/en\/health-insurance\/#breadcrumb","itemListElement":[{"@type":"ListItem","position":1,"name":"Home","item":"https:\/\/terviselahendus.ee\/en\/"},{"@type":"ListItem","position":2,"name":"Services"}]},{"@type":"WebSite","@id":"https:\/\/terviselahendus.ee\/#website","url":"https:\/\/terviselahendus.ee\/","name":"Confido Terviselahendus","description":"Sinu ettev\u00f5tte tervisepartner","publisher":{"@id":"https:\/\/terviselahendus.ee\/#organization"},"potentialAction":[{"@type":"SearchAction","target":{"@type":"EntryPoint","urlTemplate":"https:\/\/terviselahendus.ee\/?s={search_term_string}"},"query-input":{"@type":"PropertyValueSpecification","valueRequired":true,"valueName":"search_term_string"}}],"inLanguage":"en-US"},{"@type":"Organization","@id":"https:\/\/terviselahendus.ee\/#organization","name":"Confido Terviselahendus","url":"https:\/\/terviselahendus.ee\/","logo":{"@type":"ImageObject","inLanguage":"en-US","@id":"https:\/\/terviselahendus.ee\/#\/schema\/logo\/image\/","url":"https:\/\/terviselahendus.ee\/wp-content\/uploads\/2025\/03\/Confido_logo2022_Terviselahendus_hor_white_RGB.png","contentUrl":"https:\/\/terviselahendus.ee\/wp-content\/uploads\/2025\/03\/Confido_logo2022_Terviselahendus_hor_white_RGB.png","width":2269,"height":851,"caption":"Confido Terviselahendus"},"image":{"@id":"https:\/\/terviselahendus.ee\/#\/schema\/logo\/image\/"}}]}},"_links":{"self":[{"href":"https:\/\/terviselahendus.ee\/en\/wp-json\/wp\/v2\/pages\/334","targetHints":{"allow":["GET"]}}],"collection":[{"href":"https:\/\/terviselahendus.ee\/en\/wp-json\/wp\/v2\/pages"}],"about":[{"href":"https:\/\/terviselahendus.ee\/en\/wp-json\/wp\/v2\/types\/page"}],"author":[{"embeddable":true,"href":"https:\/\/terviselahendus.ee\/en\/wp-json\/wp\/v2\/users\/1"}],"replies":[{"embeddable":true,"href":"https:\/\/terviselahendus.ee\/en\/wp-json\/wp\/v2\/comments?post=334"}],"version-history":[{"count":16,"href":"https:\/\/terviselahendus.ee\/en\/wp-json\/wp\/v2\/pages\/334\/revisions"}],"predecessor-version":[{"id":5213,"href":"https:\/\/terviselahendus.ee\/en\/wp-json\/wp\/v2\/pages\/334\/revisions\/5213"}],"wp:featuredmedia":[{"embeddable":true,"href":"https:\/\/terviselahendus.ee\/en\/wp-json\/wp\/v2\/media\/4396"}],"wp:attachment":[{"href":"https:\/\/terviselahendus.ee\/en\/wp-json\/wp\/v2\/media?parent=334"}],"curies":[{"name":"wp","href":"https:\/\/api.w.org\/{rel}","templated":true}]}}