{"id":435,"date":"2022-03-30T04:33:27","date_gmt":"2022-03-30T04:33:27","guid":{"rendered":"https:\/\/demo.terviselahendus.ee\/koostoopartnerid"},"modified":"2026-03-27T10:09:11","modified_gmt":"2026-03-27T08:09:11","slug":"partners","status":"publish","type":"page","link":"https:\/\/terviselahendus.ee\/en\/partners\/","title":{"rendered":"Partners"},"content":{"rendered":"<p>Confido Health Plan has a wide partner network. By visiting our partner and informing the partner about the availability of the Confido Health Plan, we can ensure worry-free billing for the insured. This means that we settle with the service provider ourselves, and the insured only has to pay for the deductible.<\/p>\n","protected":false},"excerpt":{"rendered":"Confido Health Plan has a wide partner network. By visiting [&hellip;]","protected":false},"author":1,"featured_media":4529,"parent":0,"menu_order":0,"comment_status":"closed","ping_status":"closed","template":"page-templates\/template-grid.php","meta":{"_acf_changed":false,"inline_featured_image":false,"_monsterinsights_skip_tracking":false,"_monsterinsights_sitenote_active":false,"_monsterinsights_sitenote_note":"","_monsterinsights_sitenote_category":0,"_uf_show_specific_survey":0,"_uf_disable_surveys":false,"footnotes":""},"class_list":["post-435","page","type-page","status-publish","has-post-thumbnail","hentry"],"acf":[],"yoast_head":"<!-- This site is optimized with the Yoast SEO plugin v27.3 - https:\/\/yoast.com\/product\/yoast-seo-wordpress\/ -->\n<title>Partners - Confido Terviselahendus<\/title>\n<meta name=\"description\" content=\"Confido Health Plan \u2013 employee insurance, health insurance, paid health insurance. Insurance service or employee-friendly companies.\" \/>\n<meta name=\"robots\" content=\"index, follow, max-snippet:-1, max-image-preview:large, max-video-preview:-1\" \/>\n<link rel=\"canonical\" href=\"https:\/\/terviselahendus.ee\/en\/partners\/\" \/>\n<meta property=\"og:locale\" content=\"en_US\" \/>\n<meta property=\"og:type\" content=\"article\" \/>\n<meta property=\"og:title\" content=\"Partners - Confido Terviselahendus\" \/>\n<meta property=\"og:description\" content=\"Confido Health Plan \u2013 employee insurance, health insurance, paid health insurance. Insurance service or employee-friendly companies.\" \/>\n<meta property=\"og:url\" content=\"https:\/\/terviselahendus.ee\/en\/partners\/\" \/>\n<meta property=\"og:site_name\" content=\"Confido Terviselahendus\" \/>\n<meta property=\"article:modified_time\" content=\"2026-03-27T08:09:11+00:00\" \/>\n<meta property=\"og:image\" content=\"https:\/\/terviselahendus.ee\/wp-content\/uploads\/2025\/02\/partner-scaled.jpg\" \/>\n\t<meta property=\"og:image:width\" content=\"2560\" \/>\n\t<meta property=\"og:image:height\" content=\"1772\" \/>\n\t<meta property=\"og:image:type\" content=\"image\/jpeg\" \/>\n<meta name=\"twitter:card\" content=\"summary_large_image\" \/>\n<meta name=\"twitter:label1\" content=\"Est. reading time\" \/>\n\t<meta name=\"twitter:data1\" content=\"1 minute\" \/>\n<script type=\"application\/ld+json\" class=\"yoast-schema-graph\">{\"@context\":\"https:\\\/\\\/schema.org\",\"@graph\":[{\"@type\":\"WebPage\",\"@id\":\"https:\\\/\\\/terviselahendus.ee\\\/en\\\/partners\\\/\",\"url\":\"https:\\\/\\\/terviselahendus.ee\\\/en\\\/partners\\\/\",\"name\":\"Partners - Confido Terviselahendus\",\"isPartOf\":{\"@id\":\"https:\\\/\\\/terviselahendus.ee\\\/#website\"},\"primaryImageOfPage\":{\"@id\":\"https:\\\/\\\/terviselahendus.ee\\\/en\\\/partners\\\/#primaryimage\"},\"image\":{\"@id\":\"https:\\\/\\\/terviselahendus.ee\\\/en\\\/partners\\\/#primaryimage\"},\"thumbnailUrl\":\"https:\\\/\\\/terviselahendus.ee\\\/wp-content\\\/uploads\\\/2025\\\/02\\\/partner-scaled.jpg\",\"datePublished\":\"2022-03-30T04:33:27+00:00\",\"dateModified\":\"2026-03-27T08:09:11+00:00\",\"description\":\"Confido Health Plan \u2013 employee insurance, health insurance, paid health insurance. Insurance service or employee-friendly companies.\",\"breadcrumb\":{\"@id\":\"https:\\\/\\\/terviselahendus.ee\\\/en\\\/partners\\\/#breadcrumb\"},\"inLanguage\":\"en-US\",\"potentialAction\":[{\"@type\":\"ReadAction\",\"target\":[\"https:\\\/\\\/terviselahendus.ee\\\/en\\\/partners\\\/\"]}]},{\"@type\":\"ImageObject\",\"inLanguage\":\"en-US\",\"@id\":\"https:\\\/\\\/terviselahendus.ee\\\/en\\\/partners\\\/#primaryimage\",\"url\":\"https:\\\/\\\/terviselahendus.ee\\\/wp-content\\\/uploads\\\/2025\\\/02\\\/partner-scaled.jpg\",\"contentUrl\":\"https:\\\/\\\/terviselahendus.ee\\\/wp-content\\\/uploads\\\/2025\\\/02\\\/partner-scaled.jpg\",\"width\":2560,\"height\":1772,\"caption\":\"Tervisekindlustus, t\u00f6\u00f6andja tervisekindlustus, ergo tervisekindlustus, vabatahtlik tervisekindlustus, if tervisekindlustus, t\u00f6\u00f6andja ravikindlustus, terviselahendus, seesam tervisekindlustus, tervisekindlustus v\u00e4lismaalasele, tervise kindlustus, iizi tervisekindlustus, era tervisekindlustus, vabatahtlik kindlustus, t\u00f6\u00f6taja kindlustus, salva tervisekindlustus, Confido terviselahendus, t\u00f6\u00f6taja motiveerimine, t\u00f6\u00f6taja motivatsioon, lisah\u00fcved, hea t\u00f6\u00f6, ettev\u00f5tte boonus, health insurance, employer health insurance, ergo health insurance, voluntary health insurance, if health insurance, employer health insurance, health plan, health solution, sesame health insurance, health insurance for foreigners, iizi health insurance, private health insurance, voluntary insurance, employee insurance, salva health insurance, Confido health plan, private health insurance in Estonia, Estonian private health insurance\"},{\"@type\":\"BreadcrumbList\",\"@id\":\"https:\\\/\\\/terviselahendus.ee\\\/en\\\/partners\\\/#breadcrumb\",\"itemListElement\":[{\"@type\":\"ListItem\",\"position\":1,\"name\":\"Home\",\"item\":\"https:\\\/\\\/terviselahendus.ee\\\/en\\\/\"},{\"@type\":\"ListItem\",\"position\":2,\"name\":\"Partners\"}]},{\"@type\":\"WebSite\",\"@id\":\"https:\\\/\\\/terviselahendus.ee\\\/#website\",\"url\":\"https:\\\/\\\/terviselahendus.ee\\\/\",\"name\":\"Confido Terviselahendus\",\"description\":\"Sinu ettev\u00f5tte tervisepartner\",\"publisher\":{\"@id\":\"https:\\\/\\\/terviselahendus.ee\\\/#organization\"},\"potentialAction\":[{\"@type\":\"SearchAction\",\"target\":{\"@type\":\"EntryPoint\",\"urlTemplate\":\"https:\\\/\\\/terviselahendus.ee\\\/?s={search_term_string}\"},\"query-input\":{\"@type\":\"PropertyValueSpecification\",\"valueRequired\":true,\"valueName\":\"search_term_string\"}}],\"inLanguage\":\"en-US\"},{\"@type\":\"Organization\",\"@id\":\"https:\\\/\\\/terviselahendus.ee\\\/#organization\",\"name\":\"Confido Terviselahendus\",\"url\":\"https:\\\/\\\/terviselahendus.ee\\\/\",\"logo\":{\"@type\":\"ImageObject\",\"inLanguage\":\"en-US\",\"@id\":\"https:\\\/\\\/terviselahendus.ee\\\/#\\\/schema\\\/logo\\\/image\\\/\",\"url\":\"https:\\\/\\\/terviselahendus.ee\\\/wp-content\\\/uploads\\\/2025\\\/03\\\/Confido_logo2022_Terviselahendus_hor_white_RGB.png\",\"contentUrl\":\"https:\\\/\\\/terviselahendus.ee\\\/wp-content\\\/uploads\\\/2025\\\/03\\\/Confido_logo2022_Terviselahendus_hor_white_RGB.png\",\"width\":2269,\"height\":851,\"caption\":\"Confido Terviselahendus\"},\"image\":{\"@id\":\"https:\\\/\\\/terviselahendus.ee\\\/#\\\/schema\\\/logo\\\/image\\\/\"}}]}<\/script>\n<!-- \/ Yoast SEO plugin. -->","yoast_head_json":{"title":"Partners - Confido Terviselahendus","description":"Confido Health Plan \u2013 employee insurance, health insurance, paid health insurance. Insurance service or employee-friendly companies.","robots":{"index":"index","follow":"follow","max-snippet":"max-snippet:-1","max-image-preview":"max-image-preview:large","max-video-preview":"max-video-preview:-1"},"canonical":"https:\/\/terviselahendus.ee\/en\/partners\/","og_locale":"en_US","og_type":"article","og_title":"Partners - Confido Terviselahendus","og_description":"Confido Health Plan \u2013 employee insurance, health insurance, paid health insurance. Insurance service or employee-friendly companies.","og_url":"https:\/\/terviselahendus.ee\/en\/partners\/","og_site_name":"Confido Terviselahendus","article_modified_time":"2026-03-27T08:09:11+00:00","og_image":[{"width":2560,"height":1772,"url":"https:\/\/terviselahendus.ee\/wp-content\/uploads\/2025\/02\/partner-scaled.jpg","type":"image\/jpeg"}],"twitter_card":"summary_large_image","twitter_misc":{"Est. reading time":"1 minute"},"schema":{"@context":"https:\/\/schema.org","@graph":[{"@type":"WebPage","@id":"https:\/\/terviselahendus.ee\/en\/partners\/","url":"https:\/\/terviselahendus.ee\/en\/partners\/","name":"Partners - Confido Terviselahendus","isPartOf":{"@id":"https:\/\/terviselahendus.ee\/#website"},"primaryImageOfPage":{"@id":"https:\/\/terviselahendus.ee\/en\/partners\/#primaryimage"},"image":{"@id":"https:\/\/terviselahendus.ee\/en\/partners\/#primaryimage"},"thumbnailUrl":"https:\/\/terviselahendus.ee\/wp-content\/uploads\/2025\/02\/partner-scaled.jpg","datePublished":"2022-03-30T04:33:27+00:00","dateModified":"2026-03-27T08:09:11+00:00","description":"Confido Health Plan \u2013 employee insurance, health insurance, paid health insurance. Insurance service or employee-friendly companies.","breadcrumb":{"@id":"https:\/\/terviselahendus.ee\/en\/partners\/#breadcrumb"},"inLanguage":"en-US","potentialAction":[{"@type":"ReadAction","target":["https:\/\/terviselahendus.ee\/en\/partners\/"]}]},{"@type":"ImageObject","inLanguage":"en-US","@id":"https:\/\/terviselahendus.ee\/en\/partners\/#primaryimage","url":"https:\/\/terviselahendus.ee\/wp-content\/uploads\/2025\/02\/partner-scaled.jpg","contentUrl":"https:\/\/terviselahendus.ee\/wp-content\/uploads\/2025\/02\/partner-scaled.jpg","width":2560,"height":1772,"caption":"Tervisekindlustus, t\u00f6\u00f6andja tervisekindlustus, ergo tervisekindlustus, vabatahtlik tervisekindlustus, if tervisekindlustus, t\u00f6\u00f6andja ravikindlustus, terviselahendus, seesam tervisekindlustus, tervisekindlustus v\u00e4lismaalasele, tervise kindlustus, iizi tervisekindlustus, era tervisekindlustus, vabatahtlik kindlustus, t\u00f6\u00f6taja kindlustus, salva tervisekindlustus, Confido terviselahendus, t\u00f6\u00f6taja motiveerimine, t\u00f6\u00f6taja motivatsioon, lisah\u00fcved, hea t\u00f6\u00f6, ettev\u00f5tte boonus, health insurance, employer health insurance, ergo health insurance, voluntary health insurance, if health insurance, employer health insurance, health plan, health solution, sesame health insurance, health insurance for foreigners, iizi health insurance, private health insurance, voluntary insurance, employee insurance, salva health insurance, Confido health plan, private health insurance in Estonia, Estonian private health insurance"},{"@type":"BreadcrumbList","@id":"https:\/\/terviselahendus.ee\/en\/partners\/#breadcrumb","itemListElement":[{"@type":"ListItem","position":1,"name":"Home","item":"https:\/\/terviselahendus.ee\/en\/"},{"@type":"ListItem","position":2,"name":"Partners"}]},{"@type":"WebSite","@id":"https:\/\/terviselahendus.ee\/#website","url":"https:\/\/terviselahendus.ee\/","name":"Confido Terviselahendus","description":"Sinu ettev\u00f5tte tervisepartner","publisher":{"@id":"https:\/\/terviselahendus.ee\/#organization"},"potentialAction":[{"@type":"SearchAction","target":{"@type":"EntryPoint","urlTemplate":"https:\/\/terviselahendus.ee\/?s={search_term_string}"},"query-input":{"@type":"PropertyValueSpecification","valueRequired":true,"valueName":"search_term_string"}}],"inLanguage":"en-US"},{"@type":"Organization","@id":"https:\/\/terviselahendus.ee\/#organization","name":"Confido Terviselahendus","url":"https:\/\/terviselahendus.ee\/","logo":{"@type":"ImageObject","inLanguage":"en-US","@id":"https:\/\/terviselahendus.ee\/#\/schema\/logo\/image\/","url":"https:\/\/terviselahendus.ee\/wp-content\/uploads\/2025\/03\/Confido_logo2022_Terviselahendus_hor_white_RGB.png","contentUrl":"https:\/\/terviselahendus.ee\/wp-content\/uploads\/2025\/03\/Confido_logo2022_Terviselahendus_hor_white_RGB.png","width":2269,"height":851,"caption":"Confido Terviselahendus"},"image":{"@id":"https:\/\/terviselahendus.ee\/#\/schema\/logo\/image\/"}}]}},"_links":{"self":[{"href":"https:\/\/terviselahendus.ee\/en\/wp-json\/wp\/v2\/pages\/435","targetHints":{"allow":["GET"]}}],"collection":[{"href":"https:\/\/terviselahendus.ee\/en\/wp-json\/wp\/v2\/pages"}],"about":[{"href":"https:\/\/terviselahendus.ee\/en\/wp-json\/wp\/v2\/types\/page"}],"author":[{"embeddable":true,"href":"https:\/\/terviselahendus.ee\/en\/wp-json\/wp\/v2\/users\/1"}],"replies":[{"embeddable":true,"href":"https:\/\/terviselahendus.ee\/en\/wp-json\/wp\/v2\/comments?post=435"}],"version-history":[{"count":109,"href":"https:\/\/terviselahendus.ee\/en\/wp-json\/wp\/v2\/pages\/435\/revisions"}],"predecessor-version":[{"id":5575,"href":"https:\/\/terviselahendus.ee\/en\/wp-json\/wp\/v2\/pages\/435\/revisions\/5575"}],"wp:featuredmedia":[{"embeddable":true,"href":"https:\/\/terviselahendus.ee\/en\/wp-json\/wp\/v2\/media\/4529"}],"wp:attachment":[{"href":"https:\/\/terviselahendus.ee\/en\/wp-json\/wp\/v2\/media?parent=435"}],"curies":[{"name":"wp","href":"https:\/\/api.w.org\/{rel}","templated":true}]}}