{"id":5211,"date":"2025-08-05T09:28:17","date_gmt":"2025-08-05T07:28:17","guid":{"rendered":"https:\/\/terviselahendus.ee\/?page_id=5211"},"modified":"2025-08-05T09:28:17","modified_gmt":"2025-08-05T07:28:17","slug":"aesthetic-medicine-and-well-being","status":"publish","type":"page","link":"https:\/\/terviselahendus.ee\/en\/health-insurance\/aesthetic-medicine-and-well-being\/","title":{"rendered":"Aesthetic medicine and well-being"},"content":{"rendered":"","protected":false},"excerpt":{"rendered":"","protected":false},"author":7,"featured_media":5207,"parent":334,"menu_order":0,"comment_status":"closed","ping_status":"closed","template":"page-templates\/template-services.php","meta":{"_acf_changed":false,"inline_featured_image":false,"_monsterinsights_skip_tracking":false,"_monsterinsights_sitenote_active":false,"_monsterinsights_sitenote_note":"","_monsterinsights_sitenote_category":0,"_uf_show_specific_survey":0,"_uf_disable_surveys":false,"footnotes":""},"class_list":["post-5211","page","type-page","status-publish","has-post-thumbnail","hentry"],"acf":[],"yoast_head":"<!-- This site is optimized with the Yoast SEO plugin v27.3 - https:\/\/yoast.com\/product\/yoast-seo-wordpress\/ -->\n<title>Aesthetic medicine and well-being - Confido Terviselahendus<\/title>\n<meta name=\"description\" content=\"The following costs are compensated:diagnosis and treatment of rosacea, acne, and pimples;treatment of ingrown toenails...\" \/>\n<meta name=\"robots\" content=\"index, follow, max-snippet:-1, max-image-preview:large, max-video-preview:-1\" \/>\n<link rel=\"canonical\" href=\"https:\/\/terviselahendus.ee\/en\/health-insurance\/aesthetic-medicine-and-well-being\/\" \/>\n<meta property=\"og:locale\" content=\"en_US\" \/>\n<meta property=\"og:type\" content=\"article\" \/>\n<meta property=\"og:title\" content=\"Aesthetic medicine and well-being - Confido Terviselahendus\" \/>\n<meta property=\"og:description\" content=\"The following costs are compensated:diagnosis and treatment of rosacea, acne, and pimples;treatment of ingrown toenails...\" \/>\n<meta property=\"og:url\" content=\"https:\/\/terviselahendus.ee\/en\/health-insurance\/aesthetic-medicine-and-well-being\/\" \/>\n<meta property=\"og:site_name\" content=\"Confido Terviselahendus\" \/>\n<meta property=\"og:image\" content=\"https:\/\/terviselahendus.ee\/wp-content\/uploads\/2025\/08\/esteetilne-scaled.jpg\" \/>\n\t<meta property=\"og:image:width\" content=\"2560\" \/>\n\t<meta property=\"og:image:height\" content=\"1920\" \/>\n\t<meta property=\"og:image:type\" content=\"image\/jpeg\" \/>\n<meta name=\"twitter:card\" content=\"summary_large_image\" \/>\n<script type=\"application\/ld+json\" class=\"yoast-schema-graph\">{\"@context\":\"https:\\\/\\\/schema.org\",\"@graph\":[{\"@type\":\"WebPage\",\"@id\":\"https:\\\/\\\/terviselahendus.ee\\\/en\\\/health-insurance\\\/aesthetic-medicine-and-well-being\\\/\",\"url\":\"https:\\\/\\\/terviselahendus.ee\\\/en\\\/health-insurance\\\/aesthetic-medicine-and-well-being\\\/\",\"name\":\"Aesthetic medicine and well-being - Confido Terviselahendus\",\"isPartOf\":{\"@id\":\"https:\\\/\\\/terviselahendus.ee\\\/#website\"},\"primaryImageOfPage\":{\"@id\":\"https:\\\/\\\/terviselahendus.ee\\\/en\\\/health-insurance\\\/aesthetic-medicine-and-well-being\\\/#primaryimage\"},\"image\":{\"@id\":\"https:\\\/\\\/terviselahendus.ee\\\/en\\\/health-insurance\\\/aesthetic-medicine-and-well-being\\\/#primaryimage\"},\"thumbnailUrl\":\"https:\\\/\\\/terviselahendus.ee\\\/wp-content\\\/uploads\\\/2025\\\/08\\\/esteetilne-scaled.jpg\",\"datePublished\":\"2025-08-05T07:28:17+00:00\",\"description\":\"The following costs are compensated:diagnosis and treatment of rosacea, acne, and pimples;treatment of ingrown toenails...\",\"breadcrumb\":{\"@id\":\"https:\\\/\\\/terviselahendus.ee\\\/en\\\/health-insurance\\\/aesthetic-medicine-and-well-being\\\/#breadcrumb\"},\"inLanguage\":\"en-US\",\"potentialAction\":[{\"@type\":\"ReadAction\",\"target\":[\"https:\\\/\\\/terviselahendus.ee\\\/en\\\/health-insurance\\\/aesthetic-medicine-and-well-being\\\/\"]}]},{\"@type\":\"ImageObject\",\"inLanguage\":\"en-US\",\"@id\":\"https:\\\/\\\/terviselahendus.ee\\\/en\\\/health-insurance\\\/aesthetic-medicine-and-well-being\\\/#primaryimage\",\"url\":\"https:\\\/\\\/terviselahendus.ee\\\/wp-content\\\/uploads\\\/2025\\\/08\\\/esteetilne-scaled.jpg\",\"contentUrl\":\"https:\\\/\\\/terviselahendus.ee\\\/wp-content\\\/uploads\\\/2025\\\/08\\\/esteetilne-scaled.jpg\",\"width\":2560,\"height\":1920,\"caption\":\"Tervisekindlustus, t\u00f6\u00f6andja tervisekindlustus, ergo tervisekindlustus, vabatahtlik tervisekindlustus, if tervisekindlustus, t\u00f6\u00f6andja ravikindlustus, terviselahendus, seesam tervisekindlustus, tervisekindlustus v\u00e4lismaalasele, tervise kindlustus, iizi tervisekindlustus, era tervisekindlustus, vabatahtlik kindlustus, t\u00f6\u00f6taja kindlustus, salva tervisekindlustus, Confido terviselahendus, t\u00f6\u00f6taja motiveerimine, t\u00f6\u00f6taja motivatsioon, lisah\u00fcved, hea t\u00f6\u00f6, ettev\u00f5tte boonus, health insurance, employer health insurance, ergo health insurance, voluntary health insurance, if health insurance, employer health insurance, health plan, health solution, sesame health insurance, health insurance for foreigners, iizi health insurance, private health insurance, voluntary insurance, employee insurance, salva health insurance, Confido health plan, private health insurance in Estonia, Estonian private health insurance\"},{\"@type\":\"BreadcrumbList\",\"@id\":\"https:\\\/\\\/terviselahendus.ee\\\/en\\\/health-insurance\\\/aesthetic-medicine-and-well-being\\\/#breadcrumb\",\"itemListElement\":[{\"@type\":\"ListItem\",\"position\":1,\"name\":\"Home\",\"item\":\"https:\\\/\\\/terviselahendus.ee\\\/en\\\/\"},{\"@type\":\"ListItem\",\"position\":2,\"name\":\"Services\",\"item\":\"https:\\\/\\\/terviselahendus.ee\\\/en\\\/health-insurance\\\/\"},{\"@type\":\"ListItem\",\"position\":3,\"name\":\"Aesthetic medicine and well-being\"}]},{\"@type\":\"WebSite\",\"@id\":\"https:\\\/\\\/terviselahendus.ee\\\/#website\",\"url\":\"https:\\\/\\\/terviselahendus.ee\\\/\",\"name\":\"Confido Terviselahendus\",\"description\":\"Sinu ettev\u00f5tte tervisepartner\",\"publisher\":{\"@id\":\"https:\\\/\\\/terviselahendus.ee\\\/#organization\"},\"potentialAction\":[{\"@type\":\"SearchAction\",\"target\":{\"@type\":\"EntryPoint\",\"urlTemplate\":\"https:\\\/\\\/terviselahendus.ee\\\/?s={search_term_string}\"},\"query-input\":{\"@type\":\"PropertyValueSpecification\",\"valueRequired\":true,\"valueName\":\"search_term_string\"}}],\"inLanguage\":\"en-US\"},{\"@type\":\"Organization\",\"@id\":\"https:\\\/\\\/terviselahendus.ee\\\/#organization\",\"name\":\"Confido Terviselahendus\",\"url\":\"https:\\\/\\\/terviselahendus.ee\\\/\",\"logo\":{\"@type\":\"ImageObject\",\"inLanguage\":\"en-US\",\"@id\":\"https:\\\/\\\/terviselahendus.ee\\\/#\\\/schema\\\/logo\\\/image\\\/\",\"url\":\"https:\\\/\\\/terviselahendus.ee\\\/wp-content\\\/uploads\\\/2025\\\/03\\\/Confido_logo2022_Terviselahendus_hor_white_RGB.png\",\"contentUrl\":\"https:\\\/\\\/terviselahendus.ee\\\/wp-content\\\/uploads\\\/2025\\\/03\\\/Confido_logo2022_Terviselahendus_hor_white_RGB.png\",\"width\":2269,\"height\":851,\"caption\":\"Confido Terviselahendus\"},\"image\":{\"@id\":\"https:\\\/\\\/terviselahendus.ee\\\/#\\\/schema\\\/logo\\\/image\\\/\"}}]}<\/script>\n<!-- \/ Yoast SEO plugin. -->","yoast_head_json":{"title":"Aesthetic medicine and well-being - Confido Terviselahendus","description":"The following costs are compensated:diagnosis and treatment of rosacea, acne, and pimples;treatment of ingrown toenails...","robots":{"index":"index","follow":"follow","max-snippet":"max-snippet:-1","max-image-preview":"max-image-preview:large","max-video-preview":"max-video-preview:-1"},"canonical":"https:\/\/terviselahendus.ee\/en\/health-insurance\/aesthetic-medicine-and-well-being\/","og_locale":"en_US","og_type":"article","og_title":"Aesthetic medicine and well-being - Confido Terviselahendus","og_description":"The following costs are compensated:diagnosis and treatment of rosacea, acne, and pimples;treatment of ingrown toenails...","og_url":"https:\/\/terviselahendus.ee\/en\/health-insurance\/aesthetic-medicine-and-well-being\/","og_site_name":"Confido Terviselahendus","og_image":[{"width":2560,"height":1920,"url":"https:\/\/terviselahendus.ee\/wp-content\/uploads\/2025\/08\/esteetilne-scaled.jpg","type":"image\/jpeg"}],"twitter_card":"summary_large_image","schema":{"@context":"https:\/\/schema.org","@graph":[{"@type":"WebPage","@id":"https:\/\/terviselahendus.ee\/en\/health-insurance\/aesthetic-medicine-and-well-being\/","url":"https:\/\/terviselahendus.ee\/en\/health-insurance\/aesthetic-medicine-and-well-being\/","name":"Aesthetic medicine and well-being - Confido Terviselahendus","isPartOf":{"@id":"https:\/\/terviselahendus.ee\/#website"},"primaryImageOfPage":{"@id":"https:\/\/terviselahendus.ee\/en\/health-insurance\/aesthetic-medicine-and-well-being\/#primaryimage"},"image":{"@id":"https:\/\/terviselahendus.ee\/en\/health-insurance\/aesthetic-medicine-and-well-being\/#primaryimage"},"thumbnailUrl":"https:\/\/terviselahendus.ee\/wp-content\/uploads\/2025\/08\/esteetilne-scaled.jpg","datePublished":"2025-08-05T07:28:17+00:00","description":"The following costs are compensated:diagnosis and treatment of rosacea, acne, and pimples;treatment of ingrown toenails...","breadcrumb":{"@id":"https:\/\/terviselahendus.ee\/en\/health-insurance\/aesthetic-medicine-and-well-being\/#breadcrumb"},"inLanguage":"en-US","potentialAction":[{"@type":"ReadAction","target":["https:\/\/terviselahendus.ee\/en\/health-insurance\/aesthetic-medicine-and-well-being\/"]}]},{"@type":"ImageObject","inLanguage":"en-US","@id":"https:\/\/terviselahendus.ee\/en\/health-insurance\/aesthetic-medicine-and-well-being\/#primaryimage","url":"https:\/\/terviselahendus.ee\/wp-content\/uploads\/2025\/08\/esteetilne-scaled.jpg","contentUrl":"https:\/\/terviselahendus.ee\/wp-content\/uploads\/2025\/08\/esteetilne-scaled.jpg","width":2560,"height":1920,"caption":"Tervisekindlustus, t\u00f6\u00f6andja tervisekindlustus, ergo tervisekindlustus, vabatahtlik tervisekindlustus, if tervisekindlustus, t\u00f6\u00f6andja ravikindlustus, terviselahendus, seesam tervisekindlustus, tervisekindlustus v\u00e4lismaalasele, tervise kindlustus, iizi tervisekindlustus, era tervisekindlustus, vabatahtlik kindlustus, t\u00f6\u00f6taja kindlustus, salva tervisekindlustus, Confido terviselahendus, t\u00f6\u00f6taja motiveerimine, t\u00f6\u00f6taja motivatsioon, lisah\u00fcved, hea t\u00f6\u00f6, ettev\u00f5tte boonus, health insurance, employer health insurance, ergo health insurance, voluntary health insurance, if health insurance, employer health insurance, health plan, health solution, sesame health insurance, health insurance for foreigners, iizi health insurance, private health insurance, voluntary insurance, employee insurance, salva health insurance, Confido health plan, private health insurance in Estonia, Estonian private health insurance"},{"@type":"BreadcrumbList","@id":"https:\/\/terviselahendus.ee\/en\/health-insurance\/aesthetic-medicine-and-well-being\/#breadcrumb","itemListElement":[{"@type":"ListItem","position":1,"name":"Home","item":"https:\/\/terviselahendus.ee\/en\/"},{"@type":"ListItem","position":2,"name":"Services","item":"https:\/\/terviselahendus.ee\/en\/health-insurance\/"},{"@type":"ListItem","position":3,"name":"Aesthetic medicine and well-being"}]},{"@type":"WebSite","@id":"https:\/\/terviselahendus.ee\/#website","url":"https:\/\/terviselahendus.ee\/","name":"Confido Terviselahendus","description":"Sinu ettev\u00f5tte tervisepartner","publisher":{"@id":"https:\/\/terviselahendus.ee\/#organization"},"potentialAction":[{"@type":"SearchAction","target":{"@type":"EntryPoint","urlTemplate":"https:\/\/terviselahendus.ee\/?s={search_term_string}"},"query-input":{"@type":"PropertyValueSpecification","valueRequired":true,"valueName":"search_term_string"}}],"inLanguage":"en-US"},{"@type":"Organization","@id":"https:\/\/terviselahendus.ee\/#organization","name":"Confido Terviselahendus","url":"https:\/\/terviselahendus.ee\/","logo":{"@type":"ImageObject","inLanguage":"en-US","@id":"https:\/\/terviselahendus.ee\/#\/schema\/logo\/image\/","url":"https:\/\/terviselahendus.ee\/wp-content\/uploads\/2025\/03\/Confido_logo2022_Terviselahendus_hor_white_RGB.png","contentUrl":"https:\/\/terviselahendus.ee\/wp-content\/uploads\/2025\/03\/Confido_logo2022_Terviselahendus_hor_white_RGB.png","width":2269,"height":851,"caption":"Confido Terviselahendus"},"image":{"@id":"https:\/\/terviselahendus.ee\/#\/schema\/logo\/image\/"}}]}},"_links":{"self":[{"href":"https:\/\/terviselahendus.ee\/en\/wp-json\/wp\/v2\/pages\/5211","targetHints":{"allow":["GET"]}}],"collection":[{"href":"https:\/\/terviselahendus.ee\/en\/wp-json\/wp\/v2\/pages"}],"about":[{"href":"https:\/\/terviselahendus.ee\/en\/wp-json\/wp\/v2\/types\/page"}],"author":[{"embeddable":true,"href":"https:\/\/terviselahendus.ee\/en\/wp-json\/wp\/v2\/users\/7"}],"replies":[{"embeddable":true,"href":"https:\/\/terviselahendus.ee\/en\/wp-json\/wp\/v2\/comments?post=5211"}],"version-history":[{"count":1,"href":"https:\/\/terviselahendus.ee\/en\/wp-json\/wp\/v2\/pages\/5211\/revisions"}],"predecessor-version":[{"id":5212,"href":"https:\/\/terviselahendus.ee\/en\/wp-json\/wp\/v2\/pages\/5211\/revisions\/5212"}],"up":[{"embeddable":true,"href":"https:\/\/terviselahendus.ee\/en\/wp-json\/wp\/v2\/pages\/334"}],"wp:featuredmedia":[{"embeddable":true,"href":"https:\/\/terviselahendus.ee\/en\/wp-json\/wp\/v2\/media\/5207"}],"wp:attachment":[{"href":"https:\/\/terviselahendus.ee\/en\/wp-json\/wp\/v2\/media?parent=5211"}],"curies":[{"name":"wp","href":"https:\/\/api.w.org\/{rel}","templated":true}]}}