{"id":5214,"date":"2025-08-05T09:30:39","date_gmt":"2025-08-05T07:30:39","guid":{"rendered":"https:\/\/terviselahendus.ee\/?page_id=5214"},"modified":"2025-08-05T09:30:39","modified_gmt":"2025-08-05T07:30:39","slug":"%d1%8d%d1%81%d1%82%d0%b5%d1%82%d0%b8%d1%87%d0%b5%d1%81%d0%ba%d0%b0%d1%8f-%d0%bc%d0%b5%d0%b4%d0%b8%d1%86%d0%b8%d0%bd%d0%b0-%d0%b8-%d0%b1%d0%bb%d0%b0%d0%b3%d0%be%d0%bf%d0%be%d0%bb%d1%83%d1%87%d0%b8","status":"publish","type":"page","link":"https:\/\/terviselahendus.ee\/ru\/%d1%83%d1%81%d0%bb%d1%83%d0%b3%d0%b8\/%d1%8d%d1%81%d1%82%d0%b5%d1%82%d0%b8%d1%87%d0%b5%d1%81%d0%ba%d0%b0%d1%8f-%d0%bc%d0%b5%d0%b4%d0%b8%d1%86%d0%b8%d0%bd%d0%b0-%d0%b8-%d0%b1%d0%bb%d0%b0%d0%b3%d0%be%d0%bf%d0%be%d0%bb%d1%83%d1%87%d0%b8\/","title":{"rendered":"\u042d\u0441\u0442\u0435\u0442\u0438\u0447\u0435\u0441\u043a\u0430\u044f \u043c\u0435\u0434\u0438\u0446\u0438\u043d\u0430 \u0438 \u0431\u043b\u0430\u0433\u043e\u043f\u043e\u043b\u0443\u0447\u0438\u0435"},"content":{"rendered":"","protected":false},"excerpt":{"rendered":"","protected":false},"author":7,"featured_media":5208,"parent":855,"menu_order":0,"comment_status":"closed","ping_status":"closed","template":"page-templates\/template-services.php","meta":{"_acf_changed":false,"inline_featured_image":false,"_monsterinsights_skip_tracking":false,"_monsterinsights_sitenote_active":false,"_monsterinsights_sitenote_note":"","_monsterinsights_sitenote_category":0,"_uf_show_specific_survey":0,"_uf_disable_surveys":false,"footnotes":""},"class_list":["post-5214","page","type-page","status-publish","has-post-thumbnail","hentry"],"acf":[],"yoast_head":"<!-- This site is optimized with the Yoast SEO plugin v27.3 - https:\/\/yoast.com\/product\/yoast-seo-wordpress\/ -->\n<title>\u042d\u0441\u0442\u0435\u0442\u0438\u0447\u0435\u0441\u043a\u0430\u044f \u043c\u0435\u0434\u0438\u0446\u0438\u043d\u0430 \u0438 \u0431\u043b\u0430\u0433\u043e\u043f\u043e\u043b\u0443\u0447\u0438\u0435 - Confido Terviselahendus<\/title>\n<meta name=\"description\" content=\"\u0412 \u0440\u0430\u043c\u043a\u0430\u0445 \u0441\u0442\u0440\u0430\u0445\u043e\u0432\u043e\u0439 \u0437\u0430\u0449\u0438\u0442\u044b \u044d\u0441\u0442\u0435\u0442\u0438\u0447\u0435\u0441\u043a\u043e\u0439 \u043c\u0435\u0434\u0438\u0446\u0438\u043d\u044b \u0438 \u0431\u043b\u0430\u0433\u043e\u043f\u043e\u043b\u0443\u0447\u0438\u044f \u0432\u043e\u0437\u043c\u0435\u0449\u0430\u044e\u0442\u0441\u044f \u0441\u043b\u0435\u0434\u0443\u044e\u0449\u0438\u0435 \u0440\u0430\u0441\u0445\u043e\u0434\u044b:\u0434\u0438\u0430\u0433\u043d\u043e\u0441\u0442\u0438\u043a\u0430 \u0438 \u043b\u0435\u0447\u0435\u043d\u0438\u0435 \u0440\u043e\u0437\u0430\u0446\u0435\u0430, \u0430\u043a\u043d\u0435...\" \/>\n<meta name=\"robots\" content=\"index, follow, max-snippet:-1, max-image-preview:large, max-video-preview:-1\" \/>\n<link rel=\"canonical\" href=\"https:\/\/terviselahendus.ee\/ru\/\u0443\u0441\u043b\u0443\u0433\u0438\/\u044d\u0441\u0442\u0435\u0442\u0438\u0447\u0435\u0441\u043a\u0430\u044f-\u043c\u0435\u0434\u0438\u0446\u0438\u043d\u0430-\u0438-\u0431\u043b\u0430\u0433\u043e\u043f\u043e\u043b\u0443\u0447\u0438\/\" \/>\n<meta property=\"og:locale\" content=\"ru_RU\" \/>\n<meta property=\"og:type\" content=\"article\" \/>\n<meta property=\"og:title\" content=\"\u042d\u0441\u0442\u0435\u0442\u0438\u0447\u0435\u0441\u043a\u0430\u044f \u043c\u0435\u0434\u0438\u0446\u0438\u043d\u0430 \u0438 \u0431\u043b\u0430\u0433\u043e\u043f\u043e\u043b\u0443\u0447\u0438\u0435 - Confido Terviselahendus\" \/>\n<meta property=\"og:description\" content=\"\u0412 \u0440\u0430\u043c\u043a\u0430\u0445 \u0441\u0442\u0440\u0430\u0445\u043e\u0432\u043e\u0439 \u0437\u0430\u0449\u0438\u0442\u044b \u044d\u0441\u0442\u0435\u0442\u0438\u0447\u0435\u0441\u043a\u043e\u0439 \u043c\u0435\u0434\u0438\u0446\u0438\u043d\u044b \u0438 \u0431\u043b\u0430\u0433\u043e\u043f\u043e\u043b\u0443\u0447\u0438\u044f \u0432\u043e\u0437\u043c\u0435\u0449\u0430\u044e\u0442\u0441\u044f \u0441\u043b\u0435\u0434\u0443\u044e\u0449\u0438\u0435 \u0440\u0430\u0441\u0445\u043e\u0434\u044b:\u0434\u0438\u0430\u0433\u043d\u043e\u0441\u0442\u0438\u043a\u0430 \u0438 \u043b\u0435\u0447\u0435\u043d\u0438\u0435 \u0440\u043e\u0437\u0430\u0446\u0435\u0430, \u0430\u043a\u043d\u0435...\" \/>\n<meta property=\"og:url\" content=\"https:\/\/terviselahendus.ee\/ru\/\u0443\u0441\u043b\u0443\u0433\u0438\/\u044d\u0441\u0442\u0435\u0442\u0438\u0447\u0435\u0441\u043a\u0430\u044f-\u043c\u0435\u0434\u0438\u0446\u0438\u043d\u0430-\u0438-\u0431\u043b\u0430\u0433\u043e\u043f\u043e\u043b\u0443\u0447\u0438\/\" \/>\n<meta property=\"og:site_name\" content=\"Confido Terviselahendus\" \/>\n<meta property=\"og:image\" content=\"https:\/\/terviselahendus.ee\/wp-content\/uploads\/2025\/08\/esteetilne-scaled.jpg\" \/>\n\t<meta property=\"og:image:width\" content=\"2560\" \/>\n\t<meta property=\"og:image:height\" content=\"1920\" \/>\n\t<meta property=\"og:image:type\" content=\"image\/jpeg\" \/>\n<meta name=\"twitter:card\" content=\"summary_large_image\" \/>\n<script type=\"application\/ld+json\" class=\"yoast-schema-graph\">{\"@context\":\"https:\\\/\\\/schema.org\",\"@graph\":[{\"@type\":\"WebPage\",\"@id\":\"https:\\\/\\\/terviselahendus.ee\\\/ru\\\/%d1%83%d1%81%d0%bb%d1%83%d0%b3%d0%b8\\\/%d1%8d%d1%81%d1%82%d0%b5%d1%82%d0%b8%d1%87%d0%b5%d1%81%d0%ba%d0%b0%d1%8f-%d0%bc%d0%b5%d0%b4%d0%b8%d1%86%d0%b8%d0%bd%d0%b0-%d0%b8-%d0%b1%d0%bb%d0%b0%d0%b3%d0%be%d0%bf%d0%be%d0%bb%d1%83%d1%87%d0%b8\\\/\",\"url\":\"https:\\\/\\\/terviselahendus.ee\\\/ru\\\/%d1%83%d1%81%d0%bb%d1%83%d0%b3%d0%b8\\\/%d1%8d%d1%81%d1%82%d0%b5%d1%82%d0%b8%d1%87%d0%b5%d1%81%d0%ba%d0%b0%d1%8f-%d0%bc%d0%b5%d0%b4%d0%b8%d1%86%d0%b8%d0%bd%d0%b0-%d0%b8-%d0%b1%d0%bb%d0%b0%d0%b3%d0%be%d0%bf%d0%be%d0%bb%d1%83%d1%87%d0%b8\\\/\",\"name\":\"\u042d\u0441\u0442\u0435\u0442\u0438\u0447\u0435\u0441\u043a\u0430\u044f \u043c\u0435\u0434\u0438\u0446\u0438\u043d\u0430 \u0438 \u0431\u043b\u0430\u0433\u043e\u043f\u043e\u043b\u0443\u0447\u0438\u0435 - Confido Terviselahendus\",\"isPartOf\":{\"@id\":\"https:\\\/\\\/terviselahendus.ee\\\/#website\"},\"primaryImageOfPage\":{\"@id\":\"https:\\\/\\\/terviselahendus.ee\\\/ru\\\/%d1%83%d1%81%d0%bb%d1%83%d0%b3%d0%b8\\\/%d1%8d%d1%81%d1%82%d0%b5%d1%82%d0%b8%d1%87%d0%b5%d1%81%d0%ba%d0%b0%d1%8f-%d0%bc%d0%b5%d0%b4%d0%b8%d1%86%d0%b8%d0%bd%d0%b0-%d0%b8-%d0%b1%d0%bb%d0%b0%d0%b3%d0%be%d0%bf%d0%be%d0%bb%d1%83%d1%87%d0%b8\\\/#primaryimage\"},\"image\":{\"@id\":\"https:\\\/\\\/terviselahendus.ee\\\/ru\\\/%d1%83%d1%81%d0%bb%d1%83%d0%b3%d0%b8\\\/%d1%8d%d1%81%d1%82%d0%b5%d1%82%d0%b8%d1%87%d0%b5%d1%81%d0%ba%d0%b0%d1%8f-%d0%bc%d0%b5%d0%b4%d0%b8%d1%86%d0%b8%d0%bd%d0%b0-%d0%b8-%d0%b1%d0%bb%d0%b0%d0%b3%d0%be%d0%bf%d0%be%d0%bb%d1%83%d1%87%d0%b8\\\/#primaryimage\"},\"thumbnailUrl\":\"https:\\\/\\\/terviselahendus.ee\\\/wp-content\\\/uploads\\\/2025\\\/08\\\/esteetilne-scaled.jpg\",\"datePublished\":\"2025-08-05T07:30:39+00:00\",\"description\":\"\u0412 \u0440\u0430\u043c\u043a\u0430\u0445 \u0441\u0442\u0440\u0430\u0445\u043e\u0432\u043e\u0439 \u0437\u0430\u0449\u0438\u0442\u044b \u044d\u0441\u0442\u0435\u0442\u0438\u0447\u0435\u0441\u043a\u043e\u0439 \u043c\u0435\u0434\u0438\u0446\u0438\u043d\u044b \u0438 \u0431\u043b\u0430\u0433\u043e\u043f\u043e\u043b\u0443\u0447\u0438\u044f \u0432\u043e\u0437\u043c\u0435\u0449\u0430\u044e\u0442\u0441\u044f \u0441\u043b\u0435\u0434\u0443\u044e\u0449\u0438\u0435 \u0440\u0430\u0441\u0445\u043e\u0434\u044b:\u0434\u0438\u0430\u0433\u043d\u043e\u0441\u0442\u0438\u043a\u0430 \u0438 \u043b\u0435\u0447\u0435\u043d\u0438\u0435 \u0440\u043e\u0437\u0430\u0446\u0435\u0430, \u0430\u043a\u043d\u0435...\",\"breadcrumb\":{\"@id\":\"https:\\\/\\\/terviselahendus.ee\\\/ru\\\/%d1%83%d1%81%d0%bb%d1%83%d0%b3%d0%b8\\\/%d1%8d%d1%81%d1%82%d0%b5%d1%82%d0%b8%d1%87%d0%b5%d1%81%d0%ba%d0%b0%d1%8f-%d0%bc%d0%b5%d0%b4%d0%b8%d1%86%d0%b8%d0%bd%d0%b0-%d0%b8-%d0%b1%d0%bb%d0%b0%d0%b3%d0%be%d0%bf%d0%be%d0%bb%d1%83%d1%87%d0%b8\\\/#breadcrumb\"},\"inLanguage\":\"ru-RU\",\"potentialAction\":[{\"@type\":\"ReadAction\",\"target\":[\"https:\\\/\\\/terviselahendus.ee\\\/ru\\\/%d1%83%d1%81%d0%bb%d1%83%d0%b3%d0%b8\\\/%d1%8d%d1%81%d1%82%d0%b5%d1%82%d0%b8%d1%87%d0%b5%d1%81%d0%ba%d0%b0%d1%8f-%d0%bc%d0%b5%d0%b4%d0%b8%d1%86%d0%b8%d0%bd%d0%b0-%d0%b8-%d0%b1%d0%bb%d0%b0%d0%b3%d0%be%d0%bf%d0%be%d0%bb%d1%83%d1%87%d0%b8\\\/\"]}]},{\"@type\":\"ImageObject\",\"inLanguage\":\"ru-RU\",\"@id\":\"https:\\\/\\\/terviselahendus.ee\\\/ru\\\/%d1%83%d1%81%d0%bb%d1%83%d0%b3%d0%b8\\\/%d1%8d%d1%81%d1%82%d0%b5%d1%82%d0%b8%d1%87%d0%b5%d1%81%d0%ba%d0%b0%d1%8f-%d0%bc%d0%b5%d0%b4%d0%b8%d1%86%d0%b8%d0%bd%d0%b0-%d0%b8-%d0%b1%d0%bb%d0%b0%d0%b3%d0%be%d0%bf%d0%be%d0%bb%d1%83%d1%87%d0%b8\\\/#primaryimage\",\"url\":\"https:\\\/\\\/terviselahendus.ee\\\/wp-content\\\/uploads\\\/2025\\\/08\\\/esteetilne-scaled.jpg\",\"contentUrl\":\"https:\\\/\\\/terviselahendus.ee\\\/wp-content\\\/uploads\\\/2025\\\/08\\\/esteetilne-scaled.jpg\",\"width\":2560,\"height\":1920,\"caption\":\"Tervisekindlustus, t\u00f6\u00f6andja tervisekindlustus, ergo tervisekindlustus, vabatahtlik tervisekindlustus, if tervisekindlustus, t\u00f6\u00f6andja ravikindlustus, terviselahendus, seesam tervisekindlustus, tervisekindlustus v\u00e4lismaalasele, tervise kindlustus, iizi tervisekindlustus, era tervisekindlustus, vabatahtlik kindlustus, t\u00f6\u00f6taja kindlustus, salva tervisekindlustus, Confido terviselahendus, t\u00f6\u00f6taja motiveerimine, t\u00f6\u00f6taja motivatsioon, lisah\u00fcved, hea t\u00f6\u00f6, ettev\u00f5tte boonus, health insurance, employer health insurance, ergo health insurance, voluntary health insurance, if health insurance, employer health insurance, health plan, health solution, sesame health insurance, health insurance for foreigners, iizi health insurance, private health insurance, voluntary insurance, employee insurance, salva health insurance, Confido health plan, private health insurance in Estonia, Estonian private health insurance\"},{\"@type\":\"BreadcrumbList\",\"@id\":\"https:\\\/\\\/terviselahendus.ee\\\/ru\\\/%d1%83%d1%81%d0%bb%d1%83%d0%b3%d0%b8\\\/%d1%8d%d1%81%d1%82%d0%b5%d1%82%d0%b8%d1%87%d0%b5%d1%81%d0%ba%d0%b0%d1%8f-%d0%bc%d0%b5%d0%b4%d0%b8%d1%86%d0%b8%d0%bd%d0%b0-%d0%b8-%d0%b1%d0%bb%d0%b0%d0%b3%d0%be%d0%bf%d0%be%d0%bb%d1%83%d1%87%d0%b8\\\/#breadcrumb\",\"itemListElement\":[{\"@type\":\"ListItem\",\"position\":1,\"name\":\"Home\",\"item\":\"https:\\\/\\\/terviselahendus.ee\\\/ru\\\/\"},{\"@type\":\"ListItem\",\"position\":2,\"name\":\"\u0423\u0441\u043b\u0443\u0433\u0438\",\"item\":\"https:\\\/\\\/terviselahendus.ee\\\/ru\\\/%d1%83%d1%81%d0%bb%d1%83%d0%b3%d0%b8\\\/\"},{\"@type\":\"ListItem\",\"position\":3,\"name\":\"\u042d\u0441\u0442\u0435\u0442\u0438\u0447\u0435\u0441\u043a\u0430\u044f \u043c\u0435\u0434\u0438\u0446\u0438\u043d\u0430 \u0438 \u0431\u043b\u0430\u0433\u043e\u043f\u043e\u043b\u0443\u0447\u0438\u0435\"}]},{\"@type\":\"WebSite\",\"@id\":\"https:\\\/\\\/terviselahendus.ee\\\/#website\",\"url\":\"https:\\\/\\\/terviselahendus.ee\\\/\",\"name\":\"Confido Terviselahendus\",\"description\":\"Sinu ettev\u00f5tte tervisepartner\",\"publisher\":{\"@id\":\"https:\\\/\\\/terviselahendus.ee\\\/#organization\"},\"potentialAction\":[{\"@type\":\"SearchAction\",\"target\":{\"@type\":\"EntryPoint\",\"urlTemplate\":\"https:\\\/\\\/terviselahendus.ee\\\/?s={search_term_string}\"},\"query-input\":{\"@type\":\"PropertyValueSpecification\",\"valueRequired\":true,\"valueName\":\"search_term_string\"}}],\"inLanguage\":\"ru-RU\"},{\"@type\":\"Organization\",\"@id\":\"https:\\\/\\\/terviselahendus.ee\\\/#organization\",\"name\":\"Confido Terviselahendus\",\"url\":\"https:\\\/\\\/terviselahendus.ee\\\/\",\"logo\":{\"@type\":\"ImageObject\",\"inLanguage\":\"ru-RU\",\"@id\":\"https:\\\/\\\/terviselahendus.ee\\\/#\\\/schema\\\/logo\\\/image\\\/\",\"url\":\"https:\\\/\\\/terviselahendus.ee\\\/wp-content\\\/uploads\\\/2025\\\/03\\\/Confido_logo2022_Terviselahendus_hor_white_RGB.png\",\"contentUrl\":\"https:\\\/\\\/terviselahendus.ee\\\/wp-content\\\/uploads\\\/2025\\\/03\\\/Confido_logo2022_Terviselahendus_hor_white_RGB.png\",\"width\":2269,\"height\":851,\"caption\":\"Confido Terviselahendus\"},\"image\":{\"@id\":\"https:\\\/\\\/terviselahendus.ee\\\/#\\\/schema\\\/logo\\\/image\\\/\"}}]}<\/script>\n<!-- \/ Yoast SEO plugin. -->","yoast_head_json":{"title":"\u042d\u0441\u0442\u0435\u0442\u0438\u0447\u0435\u0441\u043a\u0430\u044f \u043c\u0435\u0434\u0438\u0446\u0438\u043d\u0430 \u0438 \u0431\u043b\u0430\u0433\u043e\u043f\u043e\u043b\u0443\u0447\u0438\u0435 - Confido Terviselahendus","description":"\u0412 \u0440\u0430\u043c\u043a\u0430\u0445 \u0441\u0442\u0440\u0430\u0445\u043e\u0432\u043e\u0439 \u0437\u0430\u0449\u0438\u0442\u044b \u044d\u0441\u0442\u0435\u0442\u0438\u0447\u0435\u0441\u043a\u043e\u0439 \u043c\u0435\u0434\u0438\u0446\u0438\u043d\u044b \u0438 \u0431\u043b\u0430\u0433\u043e\u043f\u043e\u043b\u0443\u0447\u0438\u044f \u0432\u043e\u0437\u043c\u0435\u0449\u0430\u044e\u0442\u0441\u044f \u0441\u043b\u0435\u0434\u0443\u044e\u0449\u0438\u0435 \u0440\u0430\u0441\u0445\u043e\u0434\u044b:\u0434\u0438\u0430\u0433\u043d\u043e\u0441\u0442\u0438\u043a\u0430 \u0438 \u043b\u0435\u0447\u0435\u043d\u0438\u0435 \u0440\u043e\u0437\u0430\u0446\u0435\u0430, \u0430\u043a\u043d\u0435...","robots":{"index":"index","follow":"follow","max-snippet":"max-snippet:-1","max-image-preview":"max-image-preview:large","max-video-preview":"max-video-preview:-1"},"canonical":"https:\/\/terviselahendus.ee\/ru\/\u0443\u0441\u043b\u0443\u0433\u0438\/\u044d\u0441\u0442\u0435\u0442\u0438\u0447\u0435\u0441\u043a\u0430\u044f-\u043c\u0435\u0434\u0438\u0446\u0438\u043d\u0430-\u0438-\u0431\u043b\u0430\u0433\u043e\u043f\u043e\u043b\u0443\u0447\u0438\/","og_locale":"ru_RU","og_type":"article","og_title":"\u042d\u0441\u0442\u0435\u0442\u0438\u0447\u0435\u0441\u043a\u0430\u044f \u043c\u0435\u0434\u0438\u0446\u0438\u043d\u0430 \u0438 \u0431\u043b\u0430\u0433\u043e\u043f\u043e\u043b\u0443\u0447\u0438\u0435 - Confido Terviselahendus","og_description":"\u0412 \u0440\u0430\u043c\u043a\u0430\u0445 \u0441\u0442\u0440\u0430\u0445\u043e\u0432\u043e\u0439 \u0437\u0430\u0449\u0438\u0442\u044b \u044d\u0441\u0442\u0435\u0442\u0438\u0447\u0435\u0441\u043a\u043e\u0439 \u043c\u0435\u0434\u0438\u0446\u0438\u043d\u044b \u0438 \u0431\u043b\u0430\u0433\u043e\u043f\u043e\u043b\u0443\u0447\u0438\u044f \u0432\u043e\u0437\u043c\u0435\u0449\u0430\u044e\u0442\u0441\u044f \u0441\u043b\u0435\u0434\u0443\u044e\u0449\u0438\u0435 \u0440\u0430\u0441\u0445\u043e\u0434\u044b:\u0434\u0438\u0430\u0433\u043d\u043e\u0441\u0442\u0438\u043a\u0430 \u0438 \u043b\u0435\u0447\u0435\u043d\u0438\u0435 \u0440\u043e\u0437\u0430\u0446\u0435\u0430, \u0430\u043a\u043d\u0435...","og_url":"https:\/\/terviselahendus.ee\/ru\/\u0443\u0441\u043b\u0443\u0433\u0438\/\u044d\u0441\u0442\u0435\u0442\u0438\u0447\u0435\u0441\u043a\u0430\u044f-\u043c\u0435\u0434\u0438\u0446\u0438\u043d\u0430-\u0438-\u0431\u043b\u0430\u0433\u043e\u043f\u043e\u043b\u0443\u0447\u0438\/","og_site_name":"Confido Terviselahendus","og_image":[{"width":2560,"height":1920,"url":"https:\/\/terviselahendus.ee\/wp-content\/uploads\/2025\/08\/esteetilne-scaled.jpg","type":"image\/jpeg"}],"twitter_card":"summary_large_image","schema":{"@context":"https:\/\/schema.org","@graph":[{"@type":"WebPage","@id":"https:\/\/terviselahendus.ee\/ru\/%d1%83%d1%81%d0%bb%d1%83%d0%b3%d0%b8\/%d1%8d%d1%81%d1%82%d0%b5%d1%82%d0%b8%d1%87%d0%b5%d1%81%d0%ba%d0%b0%d1%8f-%d0%bc%d0%b5%d0%b4%d0%b8%d1%86%d0%b8%d0%bd%d0%b0-%d0%b8-%d0%b1%d0%bb%d0%b0%d0%b3%d0%be%d0%bf%d0%be%d0%bb%d1%83%d1%87%d0%b8\/","url":"https:\/\/terviselahendus.ee\/ru\/%d1%83%d1%81%d0%bb%d1%83%d0%b3%d0%b8\/%d1%8d%d1%81%d1%82%d0%b5%d1%82%d0%b8%d1%87%d0%b5%d1%81%d0%ba%d0%b0%d1%8f-%d0%bc%d0%b5%d0%b4%d0%b8%d1%86%d0%b8%d0%bd%d0%b0-%d0%b8-%d0%b1%d0%bb%d0%b0%d0%b3%d0%be%d0%bf%d0%be%d0%bb%d1%83%d1%87%d0%b8\/","name":"\u042d\u0441\u0442\u0435\u0442\u0438\u0447\u0435\u0441\u043a\u0430\u044f \u043c\u0435\u0434\u0438\u0446\u0438\u043d\u0430 \u0438 \u0431\u043b\u0430\u0433\u043e\u043f\u043e\u043b\u0443\u0447\u0438\u0435 - Confido Terviselahendus","isPartOf":{"@id":"https:\/\/terviselahendus.ee\/#website"},"primaryImageOfPage":{"@id":"https:\/\/terviselahendus.ee\/ru\/%d1%83%d1%81%d0%bb%d1%83%d0%b3%d0%b8\/%d1%8d%d1%81%d1%82%d0%b5%d1%82%d0%b8%d1%87%d0%b5%d1%81%d0%ba%d0%b0%d1%8f-%d0%bc%d0%b5%d0%b4%d0%b8%d1%86%d0%b8%d0%bd%d0%b0-%d0%b8-%d0%b1%d0%bb%d0%b0%d0%b3%d0%be%d0%bf%d0%be%d0%bb%d1%83%d1%87%d0%b8\/#primaryimage"},"image":{"@id":"https:\/\/terviselahendus.ee\/ru\/%d1%83%d1%81%d0%bb%d1%83%d0%b3%d0%b8\/%d1%8d%d1%81%d1%82%d0%b5%d1%82%d0%b8%d1%87%d0%b5%d1%81%d0%ba%d0%b0%d1%8f-%d0%bc%d0%b5%d0%b4%d0%b8%d1%86%d0%b8%d0%bd%d0%b0-%d0%b8-%d0%b1%d0%bb%d0%b0%d0%b3%d0%be%d0%bf%d0%be%d0%bb%d1%83%d1%87%d0%b8\/#primaryimage"},"thumbnailUrl":"https:\/\/terviselahendus.ee\/wp-content\/uploads\/2025\/08\/esteetilne-scaled.jpg","datePublished":"2025-08-05T07:30:39+00:00","description":"\u0412 \u0440\u0430\u043c\u043a\u0430\u0445 \u0441\u0442\u0440\u0430\u0445\u043e\u0432\u043e\u0439 \u0437\u0430\u0449\u0438\u0442\u044b \u044d\u0441\u0442\u0435\u0442\u0438\u0447\u0435\u0441\u043a\u043e\u0439 \u043c\u0435\u0434\u0438\u0446\u0438\u043d\u044b \u0438 \u0431\u043b\u0430\u0433\u043e\u043f\u043e\u043b\u0443\u0447\u0438\u044f \u0432\u043e\u0437\u043c\u0435\u0449\u0430\u044e\u0442\u0441\u044f \u0441\u043b\u0435\u0434\u0443\u044e\u0449\u0438\u0435 \u0440\u0430\u0441\u0445\u043e\u0434\u044b:\u0434\u0438\u0430\u0433\u043d\u043e\u0441\u0442\u0438\u043a\u0430 \u0438 \u043b\u0435\u0447\u0435\u043d\u0438\u0435 \u0440\u043e\u0437\u0430\u0446\u0435\u0430, \u0430\u043a\u043d\u0435...","breadcrumb":{"@id":"https:\/\/terviselahendus.ee\/ru\/%d1%83%d1%81%d0%bb%d1%83%d0%b3%d0%b8\/%d1%8d%d1%81%d1%82%d0%b5%d1%82%d0%b8%d1%87%d0%b5%d1%81%d0%ba%d0%b0%d1%8f-%d0%bc%d0%b5%d0%b4%d0%b8%d1%86%d0%b8%d0%bd%d0%b0-%d0%b8-%d0%b1%d0%bb%d0%b0%d0%b3%d0%be%d0%bf%d0%be%d0%bb%d1%83%d1%87%d0%b8\/#breadcrumb"},"inLanguage":"ru-RU","potentialAction":[{"@type":"ReadAction","target":["https:\/\/terviselahendus.ee\/ru\/%d1%83%d1%81%d0%bb%d1%83%d0%b3%d0%b8\/%d1%8d%d1%81%d1%82%d0%b5%d1%82%d0%b8%d1%87%d0%b5%d1%81%d0%ba%d0%b0%d1%8f-%d0%bc%d0%b5%d0%b4%d0%b8%d1%86%d0%b8%d0%bd%d0%b0-%d0%b8-%d0%b1%d0%bb%d0%b0%d0%b3%d0%be%d0%bf%d0%be%d0%bb%d1%83%d1%87%d0%b8\/"]}]},{"@type":"ImageObject","inLanguage":"ru-RU","@id":"https:\/\/terviselahendus.ee\/ru\/%d1%83%d1%81%d0%bb%d1%83%d0%b3%d0%b8\/%d1%8d%d1%81%d1%82%d0%b5%d1%82%d0%b8%d1%87%d0%b5%d1%81%d0%ba%d0%b0%d1%8f-%d0%bc%d0%b5%d0%b4%d0%b8%d1%86%d0%b8%d0%bd%d0%b0-%d0%b8-%d0%b1%d0%bb%d0%b0%d0%b3%d0%be%d0%bf%d0%be%d0%bb%d1%83%d1%87%d0%b8\/#primaryimage","url":"https:\/\/terviselahendus.ee\/wp-content\/uploads\/2025\/08\/esteetilne-scaled.jpg","contentUrl":"https:\/\/terviselahendus.ee\/wp-content\/uploads\/2025\/08\/esteetilne-scaled.jpg","width":2560,"height":1920,"caption":"Tervisekindlustus, t\u00f6\u00f6andja tervisekindlustus, ergo tervisekindlustus, vabatahtlik tervisekindlustus, if tervisekindlustus, t\u00f6\u00f6andja ravikindlustus, terviselahendus, seesam tervisekindlustus, tervisekindlustus v\u00e4lismaalasele, tervise kindlustus, iizi tervisekindlustus, era tervisekindlustus, vabatahtlik kindlustus, t\u00f6\u00f6taja kindlustus, salva tervisekindlustus, Confido terviselahendus, t\u00f6\u00f6taja motiveerimine, t\u00f6\u00f6taja motivatsioon, lisah\u00fcved, hea t\u00f6\u00f6, ettev\u00f5tte boonus, health insurance, employer health insurance, ergo health insurance, voluntary health insurance, if health insurance, employer health insurance, health plan, health solution, sesame health insurance, health insurance for foreigners, iizi health insurance, private health insurance, voluntary insurance, employee insurance, salva health insurance, Confido health plan, private health insurance in Estonia, Estonian private health insurance"},{"@type":"BreadcrumbList","@id":"https:\/\/terviselahendus.ee\/ru\/%d1%83%d1%81%d0%bb%d1%83%d0%b3%d0%b8\/%d1%8d%d1%81%d1%82%d0%b5%d1%82%d0%b8%d1%87%d0%b5%d1%81%d0%ba%d0%b0%d1%8f-%d0%bc%d0%b5%d0%b4%d0%b8%d1%86%d0%b8%d0%bd%d0%b0-%d0%b8-%d0%b1%d0%bb%d0%b0%d0%b3%d0%be%d0%bf%d0%be%d0%bb%d1%83%d1%87%d0%b8\/#breadcrumb","itemListElement":[{"@type":"ListItem","position":1,"name":"Home","item":"https:\/\/terviselahendus.ee\/ru\/"},{"@type":"ListItem","position":2,"name":"\u0423\u0441\u043b\u0443\u0433\u0438","item":"https:\/\/terviselahendus.ee\/ru\/%d1%83%d1%81%d0%bb%d1%83%d0%b3%d0%b8\/"},{"@type":"ListItem","position":3,"name":"\u042d\u0441\u0442\u0435\u0442\u0438\u0447\u0435\u0441\u043a\u0430\u044f \u043c\u0435\u0434\u0438\u0446\u0438\u043d\u0430 \u0438 \u0431\u043b\u0430\u0433\u043e\u043f\u043e\u043b\u0443\u0447\u0438\u0435"}]},{"@type":"WebSite","@id":"https:\/\/terviselahendus.ee\/#website","url":"https:\/\/terviselahendus.ee\/","name":"Confido Terviselahendus","description":"Sinu ettev\u00f5tte tervisepartner","publisher":{"@id":"https:\/\/terviselahendus.ee\/#organization"},"potentialAction":[{"@type":"SearchAction","target":{"@type":"EntryPoint","urlTemplate":"https:\/\/terviselahendus.ee\/?s={search_term_string}"},"query-input":{"@type":"PropertyValueSpecification","valueRequired":true,"valueName":"search_term_string"}}],"inLanguage":"ru-RU"},{"@type":"Organization","@id":"https:\/\/terviselahendus.ee\/#organization","name":"Confido Terviselahendus","url":"https:\/\/terviselahendus.ee\/","logo":{"@type":"ImageObject","inLanguage":"ru-RU","@id":"https:\/\/terviselahendus.ee\/#\/schema\/logo\/image\/","url":"https:\/\/terviselahendus.ee\/wp-content\/uploads\/2025\/03\/Confido_logo2022_Terviselahendus_hor_white_RGB.png","contentUrl":"https:\/\/terviselahendus.ee\/wp-content\/uploads\/2025\/03\/Confido_logo2022_Terviselahendus_hor_white_RGB.png","width":2269,"height":851,"caption":"Confido Terviselahendus"},"image":{"@id":"https:\/\/terviselahendus.ee\/#\/schema\/logo\/image\/"}}]}},"_links":{"self":[{"href":"https:\/\/terviselahendus.ee\/ru\/wp-json\/wp\/v2\/pages\/5214","targetHints":{"allow":["GET"]}}],"collection":[{"href":"https:\/\/terviselahendus.ee\/ru\/wp-json\/wp\/v2\/pages"}],"about":[{"href":"https:\/\/terviselahendus.ee\/ru\/wp-json\/wp\/v2\/types\/page"}],"author":[{"embeddable":true,"href":"https:\/\/terviselahendus.ee\/ru\/wp-json\/wp\/v2\/users\/7"}],"replies":[{"embeddable":true,"href":"https:\/\/terviselahendus.ee\/ru\/wp-json\/wp\/v2\/comments?post=5214"}],"version-history":[{"count":1,"href":"https:\/\/terviselahendus.ee\/ru\/wp-json\/wp\/v2\/pages\/5214\/revisions"}],"predecessor-version":[{"id":5215,"href":"https:\/\/terviselahendus.ee\/ru\/wp-json\/wp\/v2\/pages\/5214\/revisions\/5215"}],"up":[{"embeddable":true,"href":"https:\/\/terviselahendus.ee\/ru\/wp-json\/wp\/v2\/pages\/855"}],"wp:featuredmedia":[{"embeddable":true,"href":"https:\/\/terviselahendus.ee\/ru\/wp-json\/wp\/v2\/media\/5208"}],"wp:attachment":[{"href":"https:\/\/terviselahendus.ee\/ru\/wp-json\/wp\/v2\/media?parent=5214"}],"curies":[{"name":"wp","href":"https:\/\/api.w.org\/{rel}","templated":true}]}}