{"id":725,"date":"2022-03-24T13:02:03","date_gmt":"2022-03-24T13:02:03","guid":{"rendered":"https:\/\/demo.terviselahendus.ee\/confido-terviselahendus"},"modified":"2026-01-23T09:20:53","modified_gmt":"2026-01-23T07:20:53","slug":"confido-terviselahendus","status":"publish","type":"page","link":"https:\/\/terviselahendus.ee\/ru\/","title":{"rendered":"\u041c\u0435\u0434\u0438\u0446\u0438\u043d\u0441\u043a\u043e\u0435 c\u0442\u0440\u0430\u0445\u043e\u0432\u0430\u043d\u0438\u0435 Confido"},"content":{"rendered":"<p style=\"font-weight: 400;\">\u041a\u0440\u0443\u043f\u043d\u0435\u0439\u0448\u0438\u0439 \u043f\u043e\u0441\u0442\u0430\u0432\u0449\u0438\u043a \u043c\u0435\u0434\u0438\u0446\u0438\u043d\u0441\u043a\u043e\u0433\u043e \u0441\u0442\u0440\u0430\u0445\u043e\u0432\u0430\u043d\u0438\u044f \u0432 \u042d\u0441\u0442\u043e\u043d\u0438\u0438<\/p>\n","protected":false},"excerpt":{"rendered":"\u041a\u0440\u0443\u043f\u043d\u0435\u0439\u0448\u0438\u0439 \u043f\u043e\u0441\u0442\u0430\u0432\u0449\u0438\u043a \u043c\u0435\u0434\u0438\u0446\u0438\u043d\u0441\u043a\u043e\u0433\u043e \u0441\u0442\u0440\u0430\u0445\u043e\u0432\u0430\u043d\u0438\u044f \u0432 \u042d\u0441\u0442\u043e\u043d\u0438\u0438","protected":false},"author":1,"featured_media":4449,"parent":0,"menu_order":22,"comment_status":"closed","ping_status":"closed","template":"","meta":{"_acf_changed":false,"inline_featured_image":false,"_monsterinsights_skip_tracking":false,"_monsterinsights_sitenote_active":false,"_monsterinsights_sitenote_note":"","_monsterinsights_sitenote_category":0,"_uf_show_specific_survey":0,"_uf_disable_surveys":false,"footnotes":""},"class_list":["post-725","page","type-page","status-publish","has-post-thumbnail","hentry"],"acf":[],"yoast_head":"<!-- This site is optimized with the Yoast SEO plugin v27.3 - https:\/\/yoast.com\/product\/yoast-seo-wordpress\/ -->\n<title>\u041c\u0435\u0434\u0438\u0446\u0438\u043d\u0441\u043a\u043e\u0435 c\u0442\u0440\u0430\u0445\u043e\u0432\u0430\u043d\u0438\u0435 Confido - \u041c\u0435\u0434\u0438\u0446\u0438\u043d\u0441\u043a\u043e\u0435 \u0441\u0442\u0440\u0430\u0445\u043e\u0432\u0430\u043d\u0438\u0435<\/title>\n<meta name=\"description\" content=\"\u041c\u0435\u0434\u0438\u0446\u0438\u043d\u0441\u043a\u043e\u0435 \u0441\u0442\u0440\u0430\u0445\u043e\u0432\u0430\u043d\u0438\u0435 Confido - \u044d\u0442\u043e \u0443\u0441\u043b\u0443\u0433\u0430 \u043c\u0435\u0434\u0438\u0446\u0438\u043d\u0441\u043a\u043e\u0433\u043e \u0441\u0442\u0440\u0430\u0445\u043e\u0432\u0430\u043d\u0438\u044f \u0441\u043e\u0442\u0440\u0443\u0434\u043d\u0438\u043a\u043e\u0432 \u0434\u043b\u044f \u043a\u043e\u043c\u043f\u0430\u043d\u0438\u0439, \u043a\u043e\u0442\u043e\u0440\u044b\u0435 \u0446\u0435\u043d\u044f\u0442 \u0441\u0432\u043e\u0438\u0445 \u0441\u043e\u0442\u0440\u0443\u0434\u043d\u0438\u043a\u043e\u0432.\" \/>\n<meta name=\"robots\" content=\"index, follow, max-snippet:-1, max-image-preview:large, max-video-preview:-1\" \/>\n<link rel=\"canonical\" href=\"https:\/\/terviselahendus.ee\/ru\/\" \/>\n<meta property=\"og:locale\" content=\"ru_RU\" \/>\n<meta property=\"og:type\" content=\"article\" \/>\n<meta property=\"og:title\" content=\"\u041c\u0435\u0434\u0438\u0446\u0438\u043d\u0441\u043a\u043e\u0435 c\u0442\u0440\u0430\u0445\u043e\u0432\u0430\u043d\u0438\u0435 Confido - \u041c\u0435\u0434\u0438\u0446\u0438\u043d\u0441\u043a\u043e\u0435 \u0441\u0442\u0440\u0430\u0445\u043e\u0432\u0430\u043d\u0438\u0435\" \/>\n<meta property=\"og:description\" content=\"\u041c\u0435\u0434\u0438\u0446\u0438\u043d\u0441\u043a\u043e\u0435 \u0441\u0442\u0440\u0430\u0445\u043e\u0432\u0430\u043d\u0438\u0435 Confido - \u044d\u0442\u043e \u0443\u0441\u043b\u0443\u0433\u0430 \u043c\u0435\u0434\u0438\u0446\u0438\u043d\u0441\u043a\u043e\u0433\u043e \u0441\u0442\u0440\u0430\u0445\u043e\u0432\u0430\u043d\u0438\u044f \u0441\u043e\u0442\u0440\u0443\u0434\u043d\u0438\u043a\u043e\u0432 \u0434\u043b\u044f \u043a\u043e\u043c\u043f\u0430\u043d\u0438\u0439, \u043a\u043e\u0442\u043e\u0440\u044b\u0435 \u0446\u0435\u043d\u044f\u0442 \u0441\u0432\u043e\u0438\u0445 \u0441\u043e\u0442\u0440\u0443\u0434\u043d\u0438\u043a\u043e\u0432.\" \/>\n<meta property=\"og:url\" content=\"https:\/\/terviselahendus.ee\/ru\/\" \/>\n<meta property=\"og:site_name\" content=\"Confido Terviselahendus\" \/>\n<meta property=\"article:modified_time\" content=\"2026-01-23T07:20:53+00:00\" \/>\n<meta property=\"og:image\" content=\"https:\/\/terviselahendus.ee\/wp-content\/uploads\/2025\/02\/esileht-700x534.png\" \/>\n\t<meta property=\"og:image:width\" content=\"700\" \/>\n\t<meta property=\"og:image:height\" content=\"534\" \/>\n\t<meta property=\"og:image:type\" content=\"image\/png\" \/>\n<meta name=\"twitter:card\" content=\"summary_large_image\" \/>\n<script type=\"application\/ld+json\" class=\"yoast-schema-graph\">{\"@context\":\"https:\\\/\\\/schema.org\",\"@graph\":[{\"@type\":\"WebPage\",\"@id\":\"https:\\\/\\\/terviselahendus.ee\\\/ru\\\/\",\"url\":\"https:\\\/\\\/terviselahendus.ee\\\/ru\\\/\",\"name\":\"\u041c\u0435\u0434\u0438\u0446\u0438\u043d\u0441\u043a\u043e\u0435 c\u0442\u0440\u0430\u0445\u043e\u0432\u0430\u043d\u0438\u0435 Confido - \u041c\u0435\u0434\u0438\u0446\u0438\u043d\u0441\u043a\u043e\u0435 \u0441\u0442\u0440\u0430\u0445\u043e\u0432\u0430\u043d\u0438\u0435\",\"isPartOf\":{\"@id\":\"https:\\\/\\\/terviselahendus.ee\\\/#website\"},\"primaryImageOfPage\":{\"@id\":\"https:\\\/\\\/terviselahendus.ee\\\/ru\\\/#primaryimage\"},\"image\":{\"@id\":\"https:\\\/\\\/terviselahendus.ee\\\/ru\\\/#primaryimage\"},\"thumbnailUrl\":\"https:\\\/\\\/terviselahendus.ee\\\/wp-content\\\/uploads\\\/2025\\\/02\\\/esileht.png\",\"datePublished\":\"2022-03-24T13:02:03+00:00\",\"dateModified\":\"2026-01-23T07:20:53+00:00\",\"description\":\"\u041c\u0435\u0434\u0438\u0446\u0438\u043d\u0441\u043a\u043e\u0435 \u0441\u0442\u0440\u0430\u0445\u043e\u0432\u0430\u043d\u0438\u0435 Confido - \u044d\u0442\u043e \u0443\u0441\u043b\u0443\u0433\u0430 \u043c\u0435\u0434\u0438\u0446\u0438\u043d\u0441\u043a\u043e\u0433\u043e \u0441\u0442\u0440\u0430\u0445\u043e\u0432\u0430\u043d\u0438\u044f \u0441\u043e\u0442\u0440\u0443\u0434\u043d\u0438\u043a\u043e\u0432 \u0434\u043b\u044f \u043a\u043e\u043c\u043f\u0430\u043d\u0438\u0439, \u043a\u043e\u0442\u043e\u0440\u044b\u0435 \u0446\u0435\u043d\u044f\u0442 \u0441\u0432\u043e\u0438\u0445 \u0441\u043e\u0442\u0440\u0443\u0434\u043d\u0438\u043a\u043e\u0432.\",\"breadcrumb\":{\"@id\":\"https:\\\/\\\/terviselahendus.ee\\\/ru\\\/#breadcrumb\"},\"inLanguage\":\"ru-RU\",\"potentialAction\":[{\"@type\":\"ReadAction\",\"target\":[\"https:\\\/\\\/terviselahendus.ee\\\/ru\\\/\"]}]},{\"@type\":\"ImageObject\",\"inLanguage\":\"ru-RU\",\"@id\":\"https:\\\/\\\/terviselahendus.ee\\\/ru\\\/#primaryimage\",\"url\":\"https:\\\/\\\/terviselahendus.ee\\\/wp-content\\\/uploads\\\/2025\\\/02\\\/esileht.png\",\"contentUrl\":\"https:\\\/\\\/terviselahendus.ee\\\/wp-content\\\/uploads\\\/2025\\\/02\\\/esileht.png\",\"width\":2360,\"height\":1801,\"caption\":\"Tervisekindlustus, t\u00f6\u00f6andja tervisekindlustus, ergo tervisekindlustus, vabatahtlik tervisekindlustus, if tervisekindlustus, t\u00f6\u00f6andja ravikindlustus, terviselahendus, seesam tervisekindlustus, tervisekindlustus v\u00e4lismaalasele, tervise kindlustus, iizi tervisekindlustus, era tervisekindlustus, vabatahtlik kindlustus, t\u00f6\u00f6taja kindlustus, salva tervisekindlustus, Confido terviselahendus, t\u00f6\u00f6taja motiveerimine, t\u00f6\u00f6taja motivatsioon, lisah\u00fcved, hea t\u00f6\u00f6, ettev\u00f5tte boonus, health insurance, employer health insurance, ergo health insurance, voluntary health insurance, if health insurance, employer health insurance, health plan, health solution, sesame health insurance, health insurance for foreigners, iizi health insurance, private health insurance, voluntary insurance, employee insurance, salva health insurance, Confido health plan, private health insurance in Estonia, Estonian private health insurance\"},{\"@type\":\"BreadcrumbList\",\"@id\":\"https:\\\/\\\/terviselahendus.ee\\\/ru\\\/#breadcrumb\",\"itemListElement\":[{\"@type\":\"ListItem\",\"position\":1,\"name\":\"Home\",\"item\":\"https:\\\/\\\/terviselahendus.ee\\\/ru\\\/\"},{\"@type\":\"ListItem\",\"position\":2,\"name\":\"\u041c\u0435\u0434\u0438\u0446\u0438\u043d\u0441\u043a\u043e\u0435 c\u0442\u0440\u0430\u0445\u043e\u0432\u0430\u043d\u0438\u0435 Confido\"}]},{\"@type\":\"WebSite\",\"@id\":\"https:\\\/\\\/terviselahendus.ee\\\/#website\",\"url\":\"https:\\\/\\\/terviselahendus.ee\\\/\",\"name\":\"Confido Terviselahendus\",\"description\":\"Sinu ettev\u00f5tte tervisepartner\",\"publisher\":{\"@id\":\"https:\\\/\\\/terviselahendus.ee\\\/#organization\"},\"potentialAction\":[{\"@type\":\"SearchAction\",\"target\":{\"@type\":\"EntryPoint\",\"urlTemplate\":\"https:\\\/\\\/terviselahendus.ee\\\/?s={search_term_string}\"},\"query-input\":{\"@type\":\"PropertyValueSpecification\",\"valueRequired\":true,\"valueName\":\"search_term_string\"}}],\"inLanguage\":\"ru-RU\"},{\"@type\":\"Organization\",\"@id\":\"https:\\\/\\\/terviselahendus.ee\\\/#organization\",\"name\":\"Confido Terviselahendus\",\"url\":\"https:\\\/\\\/terviselahendus.ee\\\/\",\"logo\":{\"@type\":\"ImageObject\",\"inLanguage\":\"ru-RU\",\"@id\":\"https:\\\/\\\/terviselahendus.ee\\\/#\\\/schema\\\/logo\\\/image\\\/\",\"url\":\"https:\\\/\\\/terviselahendus.ee\\\/wp-content\\\/uploads\\\/2025\\\/03\\\/Confido_logo2022_Terviselahendus_hor_white_RGB.png\",\"contentUrl\":\"https:\\\/\\\/terviselahendus.ee\\\/wp-content\\\/uploads\\\/2025\\\/03\\\/Confido_logo2022_Terviselahendus_hor_white_RGB.png\",\"width\":2269,\"height\":851,\"caption\":\"Confido Terviselahendus\"},\"image\":{\"@id\":\"https:\\\/\\\/terviselahendus.ee\\\/#\\\/schema\\\/logo\\\/image\\\/\"}}]}<\/script>\n<!-- \/ Yoast SEO plugin. -->","yoast_head_json":{"title":"\u041c\u0435\u0434\u0438\u0446\u0438\u043d\u0441\u043a\u043e\u0435 c\u0442\u0440\u0430\u0445\u043e\u0432\u0430\u043d\u0438\u0435 Confido - \u041c\u0435\u0434\u0438\u0446\u0438\u043d\u0441\u043a\u043e\u0435 \u0441\u0442\u0440\u0430\u0445\u043e\u0432\u0430\u043d\u0438\u0435","description":"\u041c\u0435\u0434\u0438\u0446\u0438\u043d\u0441\u043a\u043e\u0435 \u0441\u0442\u0440\u0430\u0445\u043e\u0432\u0430\u043d\u0438\u0435 Confido - \u044d\u0442\u043e \u0443\u0441\u043b\u0443\u0433\u0430 \u043c\u0435\u0434\u0438\u0446\u0438\u043d\u0441\u043a\u043e\u0433\u043e \u0441\u0442\u0440\u0430\u0445\u043e\u0432\u0430\u043d\u0438\u044f \u0441\u043e\u0442\u0440\u0443\u0434\u043d\u0438\u043a\u043e\u0432 \u0434\u043b\u044f \u043a\u043e\u043c\u043f\u0430\u043d\u0438\u0439, \u043a\u043e\u0442\u043e\u0440\u044b\u0435 \u0446\u0435\u043d\u044f\u0442 \u0441\u0432\u043e\u0438\u0445 \u0441\u043e\u0442\u0440\u0443\u0434\u043d\u0438\u043a\u043e\u0432.","robots":{"index":"index","follow":"follow","max-snippet":"max-snippet:-1","max-image-preview":"max-image-preview:large","max-video-preview":"max-video-preview:-1"},"canonical":"https:\/\/terviselahendus.ee\/ru\/","og_locale":"ru_RU","og_type":"article","og_title":"\u041c\u0435\u0434\u0438\u0446\u0438\u043d\u0441\u043a\u043e\u0435 c\u0442\u0440\u0430\u0445\u043e\u0432\u0430\u043d\u0438\u0435 Confido - \u041c\u0435\u0434\u0438\u0446\u0438\u043d\u0441\u043a\u043e\u0435 \u0441\u0442\u0440\u0430\u0445\u043e\u0432\u0430\u043d\u0438\u0435","og_description":"\u041c\u0435\u0434\u0438\u0446\u0438\u043d\u0441\u043a\u043e\u0435 \u0441\u0442\u0440\u0430\u0445\u043e\u0432\u0430\u043d\u0438\u0435 Confido - \u044d\u0442\u043e \u0443\u0441\u043b\u0443\u0433\u0430 \u043c\u0435\u0434\u0438\u0446\u0438\u043d\u0441\u043a\u043e\u0433\u043e \u0441\u0442\u0440\u0430\u0445\u043e\u0432\u0430\u043d\u0438\u044f \u0441\u043e\u0442\u0440\u0443\u0434\u043d\u0438\u043a\u043e\u0432 \u0434\u043b\u044f \u043a\u043e\u043c\u043f\u0430\u043d\u0438\u0439, \u043a\u043e\u0442\u043e\u0440\u044b\u0435 \u0446\u0435\u043d\u044f\u0442 \u0441\u0432\u043e\u0438\u0445 \u0441\u043e\u0442\u0440\u0443\u0434\u043d\u0438\u043a\u043e\u0432.","og_url":"https:\/\/terviselahendus.ee\/ru\/","og_site_name":"Confido Terviselahendus","article_modified_time":"2026-01-23T07:20:53+00:00","og_image":[{"width":700,"height":534,"url":"https:\/\/terviselahendus.ee\/wp-content\/uploads\/2025\/02\/esileht-700x534.png","type":"image\/png"}],"twitter_card":"summary_large_image","schema":{"@context":"https:\/\/schema.org","@graph":[{"@type":"WebPage","@id":"https:\/\/terviselahendus.ee\/ru\/","url":"https:\/\/terviselahendus.ee\/ru\/","name":"\u041c\u0435\u0434\u0438\u0446\u0438\u043d\u0441\u043a\u043e\u0435 c\u0442\u0440\u0430\u0445\u043e\u0432\u0430\u043d\u0438\u0435 Confido - \u041c\u0435\u0434\u0438\u0446\u0438\u043d\u0441\u043a\u043e\u0435 \u0441\u0442\u0440\u0430\u0445\u043e\u0432\u0430\u043d\u0438\u0435","isPartOf":{"@id":"https:\/\/terviselahendus.ee\/#website"},"primaryImageOfPage":{"@id":"https:\/\/terviselahendus.ee\/ru\/#primaryimage"},"image":{"@id":"https:\/\/terviselahendus.ee\/ru\/#primaryimage"},"thumbnailUrl":"https:\/\/terviselahendus.ee\/wp-content\/uploads\/2025\/02\/esileht.png","datePublished":"2022-03-24T13:02:03+00:00","dateModified":"2026-01-23T07:20:53+00:00","description":"\u041c\u0435\u0434\u0438\u0446\u0438\u043d\u0441\u043a\u043e\u0435 \u0441\u0442\u0440\u0430\u0445\u043e\u0432\u0430\u043d\u0438\u0435 Confido - \u044d\u0442\u043e \u0443\u0441\u043b\u0443\u0433\u0430 \u043c\u0435\u0434\u0438\u0446\u0438\u043d\u0441\u043a\u043e\u0433\u043e \u0441\u0442\u0440\u0430\u0445\u043e\u0432\u0430\u043d\u0438\u044f \u0441\u043e\u0442\u0440\u0443\u0434\u043d\u0438\u043a\u043e\u0432 \u0434\u043b\u044f \u043a\u043e\u043c\u043f\u0430\u043d\u0438\u0439, \u043a\u043e\u0442\u043e\u0440\u044b\u0435 \u0446\u0435\u043d\u044f\u0442 \u0441\u0432\u043e\u0438\u0445 \u0441\u043e\u0442\u0440\u0443\u0434\u043d\u0438\u043a\u043e\u0432.","breadcrumb":{"@id":"https:\/\/terviselahendus.ee\/ru\/#breadcrumb"},"inLanguage":"ru-RU","potentialAction":[{"@type":"ReadAction","target":["https:\/\/terviselahendus.ee\/ru\/"]}]},{"@type":"ImageObject","inLanguage":"ru-RU","@id":"https:\/\/terviselahendus.ee\/ru\/#primaryimage","url":"https:\/\/terviselahendus.ee\/wp-content\/uploads\/2025\/02\/esileht.png","contentUrl":"https:\/\/terviselahendus.ee\/wp-content\/uploads\/2025\/02\/esileht.png","width":2360,"height":1801,"caption":"Tervisekindlustus, t\u00f6\u00f6andja tervisekindlustus, ergo tervisekindlustus, vabatahtlik tervisekindlustus, if tervisekindlustus, t\u00f6\u00f6andja ravikindlustus, terviselahendus, seesam tervisekindlustus, tervisekindlustus v\u00e4lismaalasele, tervise kindlustus, iizi tervisekindlustus, era tervisekindlustus, vabatahtlik kindlustus, t\u00f6\u00f6taja kindlustus, salva tervisekindlustus, Confido terviselahendus, t\u00f6\u00f6taja motiveerimine, t\u00f6\u00f6taja motivatsioon, lisah\u00fcved, hea t\u00f6\u00f6, ettev\u00f5tte boonus, health insurance, employer health insurance, ergo health insurance, voluntary health insurance, if health insurance, employer health insurance, health plan, health solution, sesame health insurance, health insurance for foreigners, iizi health insurance, private health insurance, voluntary insurance, employee insurance, salva health insurance, Confido health plan, private health insurance in Estonia, Estonian private health insurance"},{"@type":"BreadcrumbList","@id":"https:\/\/terviselahendus.ee\/ru\/#breadcrumb","itemListElement":[{"@type":"ListItem","position":1,"name":"Home","item":"https:\/\/terviselahendus.ee\/ru\/"},{"@type":"ListItem","position":2,"name":"\u041c\u0435\u0434\u0438\u0446\u0438\u043d\u0441\u043a\u043e\u0435 c\u0442\u0440\u0430\u0445\u043e\u0432\u0430\u043d\u0438\u0435 Confido"}]},{"@type":"WebSite","@id":"https:\/\/terviselahendus.ee\/#website","url":"https:\/\/terviselahendus.ee\/","name":"Confido Terviselahendus","description":"Sinu ettev\u00f5tte tervisepartner","publisher":{"@id":"https:\/\/terviselahendus.ee\/#organization"},"potentialAction":[{"@type":"SearchAction","target":{"@type":"EntryPoint","urlTemplate":"https:\/\/terviselahendus.ee\/?s={search_term_string}"},"query-input":{"@type":"PropertyValueSpecification","valueRequired":true,"valueName":"search_term_string"}}],"inLanguage":"ru-RU"},{"@type":"Organization","@id":"https:\/\/terviselahendus.ee\/#organization","name":"Confido Terviselahendus","url":"https:\/\/terviselahendus.ee\/","logo":{"@type":"ImageObject","inLanguage":"ru-RU","@id":"https:\/\/terviselahendus.ee\/#\/schema\/logo\/image\/","url":"https:\/\/terviselahendus.ee\/wp-content\/uploads\/2025\/03\/Confido_logo2022_Terviselahendus_hor_white_RGB.png","contentUrl":"https:\/\/terviselahendus.ee\/wp-content\/uploads\/2025\/03\/Confido_logo2022_Terviselahendus_hor_white_RGB.png","width":2269,"height":851,"caption":"Confido Terviselahendus"},"image":{"@id":"https:\/\/terviselahendus.ee\/#\/schema\/logo\/image\/"}}]}},"_links":{"self":[{"href":"https:\/\/terviselahendus.ee\/ru\/wp-json\/wp\/v2\/pages\/725","targetHints":{"allow":["GET"]}}],"collection":[{"href":"https:\/\/terviselahendus.ee\/ru\/wp-json\/wp\/v2\/pages"}],"about":[{"href":"https:\/\/terviselahendus.ee\/ru\/wp-json\/wp\/v2\/types\/page"}],"author":[{"embeddable":true,"href":"https:\/\/terviselahendus.ee\/ru\/wp-json\/wp\/v2\/users\/1"}],"replies":[{"embeddable":true,"href":"https:\/\/terviselahendus.ee\/ru\/wp-json\/wp\/v2\/comments?post=725"}],"version-history":[{"count":29,"href":"https:\/\/terviselahendus.ee\/ru\/wp-json\/wp\/v2\/pages\/725\/revisions"}],"predecessor-version":[{"id":5483,"href":"https:\/\/terviselahendus.ee\/ru\/wp-json\/wp\/v2\/pages\/725\/revisions\/5483"}],"wp:featuredmedia":[{"embeddable":true,"href":"https:\/\/terviselahendus.ee\/ru\/wp-json\/wp\/v2\/media\/4449"}],"wp:attachment":[{"href":"https:\/\/terviselahendus.ee\/ru\/wp-json\/wp\/v2\/media?parent=725"}],"curies":[{"name":"wp","href":"https:\/\/api.w.org\/{rel}","templated":true}]}}